{"id":1420,"date":"2018-06-08T09:31:51","date_gmt":"2018-06-08T09:31:51","guid":{"rendered":"http:\/\/internewskosova.org\/raporte\/"},"modified":"2023-11-10T14:48:56","modified_gmt":"2023-11-10T14:48:56","slug":"raporte","status":"publish","type":"page","link":"https:\/\/internewskosova.org\/en\/raporte\/","title":{"rendered":"Reports"},"content":{"rendered":"<div class=\"vc_row wpb_row vc_row-fluid\"><div class=\"wpb_column vc_column_container vc_col-sm-4\"><div class=\"vc_column-inner \"><div class=\"wpb_wrapper\"><div class=\"vc_btn3-container vc_btn3-inline\">\r\n\t<a class=\"vc_general vc_btn3 vc_btn3-size-md vc_btn3-shape-rounded vc_btn3-style-modern vc_btn3-icon-left vc_btn3-color-grey\" href=\"http:\/\/internewskosova.org\/wp-content\/uploads\/2023\/11\/Raportimi-i-mediave-mbi-marredheniet-mes-Serbise-dhe-Kosoves_-Konflikt-apo-Bashkepunim-3.pdf\" title=\"\"><i class=\"vc_btn3-icon fa fa-file-text\"><\/i> Raportimi i mediave mbi marr\u00ebdh\u00ebniet mes Serbis\u00eb dhe Kosov\u00ebs: Konflikt apo Bashk\u00ebpunim<\/a><\/div>\r\n<\/div><\/div><\/div><div class=\"wpb_column vc_column_container vc_col-sm-4\"><div class=\"vc_column-inner \"><div class=\"wpb_wrapper\"><div class=\"vc_btn3-container vc_btn3-inline\">\r\n\t<a class=\"vc_general vc_btn3 vc_btn3-size-md vc_btn3-shape-rounded vc_btn3-style-modern vc_btn3-icon-left vc_btn3-color-grey\" href=\"http:\/\/internewskosova.org\/wp-content\/uploads\/2023\/11\/Zberthimi-i-narrativave-te-mediave-ne-raportimin-e-krizave-Studim-rasti-2.pdf\" title=\"\"><i class=\"vc_btn3-icon fa fa-file-text-o\"><\/i> Zb\u00ebrthimi i narrativave t\u00eb mediave n\u00eb raportimin e krizave - Analiz\u00eb<\/a><\/div>\r\n<\/div><\/div><\/div><\/div><div class=\"vc_row wpb_row vc_row-fluid\"><div class=\"wpb_column vc_column_container vc_col-sm-4\"><div class=\"vc_column-inner \"><div class=\"wpb_wrapper\"><div class=\"vc_btn3-container vc_btn3-inline\">\r\n\t<a class=\"vc_general vc_btn3 vc_btn3-size-md vc_btn3-shape-rounded vc_btn3-style-modern vc_btn3-icon-left vc_btn3-color-grey\" href=\"http:\/\/84.22.49.174\/2018\/internewskosova\/wp-content\/uploads\/2017\/05\/COURT-MONITORING-REPORT-2016.pdf\" title=\"\"><i class=\"vc_btn3-icon fa fa-file-text-o\"><\/i> COURT MONITORING REPORT 2016<\/a><\/div>\r\n<\/div><\/div><\/div><div class=\"wpb_column vc_column_container vc_col-sm-4\"><div class=\"vc_column-inner \"><div class=\"wpb_wrapper\"><div class=\"vc_btn3-container vc_btn3-inline\">\r\n\t<a class=\"vc_general vc_btn3 vc_btn3-size-md vc_btn3-shape-rounded vc_btn3-style-modern vc_btn3-icon-left vc_btn3-color-grey\" href=\"http:\/\/84.22.49.174\/2018\/internewskosova\/wp-content\/uploads\/2017\/05\/KALLXO_Testi_i_matures_eng_957778.pdf\" title=\"\"><i class=\"vc_btn3-icon fa fa-file-text-o\"><\/i> MONITORING REPORT OF THE NATIONAL MATURA EXAM 2015<\/a><\/div>\r\n<\/div><\/div><\/div><div class=\"wpb_column vc_column_container vc_col-sm-4\"><div class=\"vc_column-inner \"><div class=\"wpb_wrapper\"><div class=\"vc_btn3-container vc_btn3-inline\">\r\n\t<a class=\"vc_general vc_btn3 vc_btn3-size-md vc_btn3-shape-rounded vc_btn3-style-modern vc_btn3-icon-left vc_btn3-color-grey\" href=\"http:\/\/84.22.49.174\/2018\/internewskosova\/wp-content\/uploads\/2017\/07\/ANNUAL-COURT-MONITORING-REPORT-2014.pdf\" title=\"\"><i class=\"vc_btn3-icon fa fa-file-text-o\"><\/i> ANNUAL COURT MONITORING REPORT 2014<\/a><\/div>\r\n<\/div><\/div><\/div><\/div><div class=\"vc_row wpb_row vc_row-fluid\"><div class=\"wpb_column vc_column_container vc_col-sm-4\"><div class=\"vc_column-inner \"><div class=\"wpb_wrapper\"><div class=\"vc_btn3-container vc_btn3-inline\">\r\n\t<a class=\"vc_general vc_btn3 vc_btn3-size-md vc_btn3-shape-rounded vc_btn3-style-modern vc_btn3-icon-left vc_btn3-color-grey\" href=\"http:\/\/84.22.49.174\/2018\/internewskosova\/wp-content\/uploads\/2017\/05\/KALLXO_Testi_i_matures_eng_957778.pdf\" title=\"\"><i class=\"vc_btn3-icon fa fa-file-text\"><\/i> MONITORING REPORT OF THE NATIONAL MATURA EXAM 2015 ll<\/a><\/div>\r\n<\/div><\/div><\/div><div class=\"wpb_column vc_column_container vc_col-sm-4\"><div class=\"vc_column-inner \"><div class=\"wpb_wrapper\"><div class=\"vc_btn3-container vc_btn3-inline\">\r\n\t<a class=\"vc_general vc_btn3 vc_btn3-size-md vc_btn3-shape-rounded vc_btn3-style-modern vc_btn3-icon-left vc_btn3-color-grey\" href=\"http:\/\/jetanekosove.com\/repository\/docs\/BIRN-shqip_350845.pdf\" title=\"\"><i class=\"vc_btn3-icon fa fa-file-text-o\"><\/i> RAPORTI I MONITORIMIT T\u00cb PROKURIMIT PUBLIK N\u00cb KOSOV\u00cb 2014<\/a><\/div>\r\n<\/div><\/div><\/div><div class=\"wpb_column vc_column_container vc_col-sm-4\"><div class=\"vc_column-inner \"><div class=\"wpb_wrapper\"><div class=\"vc_btn3-container vc_btn3-inline\">\r\n\t<a class=\"vc_general vc_btn3 vc_btn3-size-md vc_btn3-shape-rounded vc_btn3-style-modern vc_btn3-icon-left vc_btn3-color-grey\" href=\"http:\/\/84.22.49.174\/2018\/internewskosova\/wp-content\/uploads\/2017\/07\/ANNUAL-COURT-MONITORING-REPORT-2013.pdf\" title=\"\"><i class=\"vc_btn3-icon fa fa-file-text-o\"><\/i> ANNUAL COURT MONITORING REPORT 2013<\/a><\/div>\r\n<\/div><\/div><\/div><\/div><div class=\"vc_row wpb_row vc_row-fluid\"><div class=\"wpb_column vc_column_container vc_col-sm-4\"><div class=\"vc_column-inner \"><div class=\"wpb_wrapper\"><div class=\"vc_btn3-container vc_btn3-inline\">\r\n\t<a class=\"vc_general vc_btn3 vc_btn3-size-md vc_btn3-shape-rounded vc_btn3-style-modern vc_btn3-icon-left vc_btn3-color-grey\" href=\"http:\/\/84.22.49.174\/2018\/internewskosova\/wp-content\/uploads\/2017\/07\/ANNUAL-COURT-MONITORING-REPORT-2012.pdf\" title=\"\"><i class=\"vc_btn3-icon fa fa-file-text\"><\/i> ANNUAL COURT MONITORING REPORT 2012<\/a><\/div>\r\n<\/div><\/div><\/div><div class=\"wpb_column vc_column_container vc_col-sm-4\"><div class=\"vc_column-inner \"><div class=\"wpb_wrapper\"><div class=\"vc_btn3-container vc_btn3-inline\">\r\n\t<a class=\"vc_general vc_btn3 vc_btn3-size-md vc_btn3-shape-rounded vc_btn3-style-modern vc_btn3-icon-left vc_btn3-color-grey\" href=\"http:\/\/84.22.49.174\/2018\/internewskosova\/wp-content\/uploads\/2017\/07\/ANNUAL-COURT-MONITORING-REPORT-2010-2011.pdf\" title=\"\"><i class=\"vc_btn3-icon fa fa-file-text\"><\/i> ANNUAL COURT MONITORING REPORT 2010-2011<\/a><\/div>\r\n<\/div><\/div><\/div><div class=\"wpb_column vc_column_container vc_col-sm-4\"><div class=\"vc_column-inner \"><div class=\"wpb_wrapper\"><div class=\"vc_btn3-container vc_btn3-inline\">\r\n\t<a class=\"vc_general vc_btn3 vc_btn3-size-md vc_btn3-shape-rounded vc_btn3-style-modern vc_btn3-icon-left vc_btn3-color-grey\" href=\"http:\/\/84.22.49.174\/2018\/internewskosova\/wp-content\/uploads\/2017\/07\/ANNUAL-COURT-MONITORING-REPORT-2009.pdf\" title=\"\"><i class=\"vc_btn3-icon fa fa-file-text-o\"><\/i> ANNUAL COURT MONITORING REPORT 2009<\/a><\/div>\r\n<\/div><\/div><\/div><\/div>\n","protected":false},"excerpt":{"rendered":"Raportimi i mediave mbi marr\u00ebdh\u00ebniet mes Serbis\u00eb dhe Kosov\u00ebs: Konflikt apo Bashk\u00ebpunim Zb\u00ebrthimi i narrativave t\u00eb mediave n\u00eb raportimin e krizave - Analiz\u00eb COURT MONITORING REPORT 2016 MONITORING REPORT OF THE NATIONAL MATURA EXAM 2015 ANNUAL COURT MONITORING REPORT 2014 MONITORING REPORT OF THE NATIONAL MATURA EXAM 2015 ll RAPORTI I MONITORIMIT T\u00cb PROKURIMIT PUBLIK [...]","protected":false},"author":1,"featured_media":0,"parent":0,"menu_order":0,"comment_status":"closed","ping_status":"closed","template":"","meta":{"_FSMCFIC_featured_image_caption":"","_FSMCFIC_featured_image_nocaption":"","_FSMCFIC_featured_image_hide":"","footnotes":""},"class_list":["post-1420","page","type-page","status-publish","hentry"],"yoast_head":"<!-- This site is optimized with the Yoast SEO plugin v24.9 - https:\/\/yoast.com\/wordpress\/plugins\/seo\/ -->\n<title>Reports - Internews Kosova<\/title>\n<meta name=\"robots\" content=\"index, follow, max-snippet:-1, max-image-preview:large, max-video-preview:-1\" \/>\n<link rel=\"canonical\" href=\"https:\/\/internewskosova.org\/en\/raporte\/\" \/>\n<meta property=\"og:locale\" content=\"en_US\" \/>\n<meta property=\"og:type\" content=\"article\" \/>\n<meta property=\"og:title\" content=\"Reports - Internews Kosova\" \/>\n<meta property=\"og:url\" content=\"https:\/\/internewskosova.org\/en\/raporte\/\" \/>\n<meta property=\"og:site_name\" content=\"Internews Kosova\" \/>\n<meta property=\"article:modified_time\" content=\"2023-11-10T14:48:56+00:00\" \/>\n<meta name=\"twitter:card\" content=\"summary_large_image\" \/>\n<meta name=\"twitter:label1\" content=\"Est. reading time\" \/>\n\t<meta name=\"twitter:data1\" content=\"1 minute\" \/>\n<script type=\"application\/ld+json\" class=\"yoast-schema-graph\">{\"@context\":\"https:\/\/schema.org\",\"@graph\":[{\"@type\":\"WebPage\",\"@id\":\"https:\/\/internewskosova.org\/en\/raporte\/\",\"url\":\"https:\/\/internewskosova.org\/en\/raporte\/\",\"name\":\"Reports - Internews Kosova\",\"isPartOf\":{\"@id\":\"https:\/\/internewskosova.org\/#website\"},\"datePublished\":\"2018-06-08T09:31:51+00:00\",\"dateModified\":\"2023-11-10T14:48:56+00:00\",\"breadcrumb\":{\"@id\":\"https:\/\/internewskosova.org\/en\/raporte\/#breadcrumb\"},\"inLanguage\":\"en-US\",\"potentialAction\":[{\"@type\":\"ReadAction\",\"target\":[\"https:\/\/internewskosova.org\/en\/raporte\/\"]}]},{\"@type\":\"BreadcrumbList\",\"@id\":\"https:\/\/internewskosova.org\/en\/raporte\/#breadcrumb\",\"itemListElement\":[{\"@type\":\"ListItem\",\"position\":1,\"name\":\"Home\",\"item\":\"https:\/\/internewskosova.org\/en\/\"},{\"@type\":\"ListItem\",\"position\":2,\"name\":\"Reports\"}]},{\"@type\":\"WebSite\",\"@id\":\"https:\/\/internewskosova.org\/#website\",\"url\":\"https:\/\/internewskosova.org\/\",\"name\":\"Internews Kosova\",\"description\":\"\",\"potentialAction\":[{\"@type\":\"SearchAction\",\"target\":{\"@type\":\"EntryPoint\",\"urlTemplate\":\"https:\/\/internewskosova.org\/?s={search_term_string}\"},\"query-input\":{\"@type\":\"PropertyValueSpecification\",\"valueRequired\":true,\"valueName\":\"search_term_string\"}}],\"inLanguage\":\"en-US\"}]}<\/script>\n<!-- \/ Yoast SEO plugin. -->","yoast_head_json":{"title":"Reports - Internews Kosova","robots":{"index":"index","follow":"follow","max-snippet":"max-snippet:-1","max-image-preview":"max-image-preview:large","max-video-preview":"max-video-preview:-1"},"canonical":"https:\/\/internewskosova.org\/en\/raporte\/","og_locale":"en_US","og_type":"article","og_title":"Reports - Internews Kosova","og_url":"https:\/\/internewskosova.org\/en\/raporte\/","og_site_name":"Internews Kosova","article_modified_time":"2023-11-10T14:48:56+00:00","twitter_card":"summary_large_image","twitter_misc":{"Est. reading time":"1 minute"},"schema":{"@context":"https:\/\/schema.org","@graph":[{"@type":"WebPage","@id":"https:\/\/internewskosova.org\/en\/raporte\/","url":"https:\/\/internewskosova.org\/en\/raporte\/","name":"Reports - Internews Kosova","isPartOf":{"@id":"https:\/\/internewskosova.org\/#website"},"datePublished":"2018-06-08T09:31:51+00:00","dateModified":"2023-11-10T14:48:56+00:00","breadcrumb":{"@id":"https:\/\/internewskosova.org\/en\/raporte\/#breadcrumb"},"inLanguage":"en-US","potentialAction":[{"@type":"ReadAction","target":["https:\/\/internewskosova.org\/en\/raporte\/"]}]},{"@type":"BreadcrumbList","@id":"https:\/\/internewskosova.org\/en\/raporte\/#breadcrumb","itemListElement":[{"@type":"ListItem","position":1,"name":"Home","item":"https:\/\/internewskosova.org\/en\/"},{"@type":"ListItem","position":2,"name":"Reports"}]},{"@type":"WebSite","@id":"https:\/\/internewskosova.org\/#website","url":"https:\/\/internewskosova.org\/","name":"Internews Kosova","description":"","potentialAction":[{"@type":"SearchAction","target":{"@type":"EntryPoint","urlTemplate":"https:\/\/internewskosova.org\/?s={search_term_string}"},"query-input":{"@type":"PropertyValueSpecification","valueRequired":true,"valueName":"search_term_string"}}],"inLanguage":"en-US"}]}},"_links":{"self":[{"href":"https:\/\/internewskosova.org\/en\/wp-json\/wp\/v2\/pages\/1420","targetHints":{"allow":["GET"]}}],"collection":[{"href":"https:\/\/internewskosova.org\/en\/wp-json\/wp\/v2\/pages"}],"about":[{"href":"https:\/\/internewskosova.org\/en\/wp-json\/wp\/v2\/types\/page"}],"author":[{"embeddable":true,"href":"https:\/\/internewskosova.org\/en\/wp-json\/wp\/v2\/users\/1"}],"replies":[{"embeddable":true,"href":"https:\/\/internewskosova.org\/en\/wp-json\/wp\/v2\/comments?post=1420"}],"version-history":[{"count":4,"href":"https:\/\/internewskosova.org\/en\/wp-json\/wp\/v2\/pages\/1420\/revisions"}],"predecessor-version":[{"id":1423,"href":"https:\/\/internewskosova.org\/en\/wp-json\/wp\/v2\/pages\/1420\/revisions\/1423"}],"wp:attachment":[{"href":"https:\/\/internewskosova.org\/en\/wp-json\/wp\/v2\/media?parent=1420"}],"curies":[{"name":"wp","href":"https:\/\/api.w.org\/{rel}","templated":true}]}}