{"id":1392,"date":"2018-06-08T09:31:51","date_gmt":"2018-06-08T09:31:51","guid":{"rendered":"http:\/\/internewskosova.org\/?page_id=1392"},"modified":"2023-11-10T14:47:08","modified_gmt":"2023-11-10T14:47:08","slug":"raporte","status":"publish","type":"page","link":"https:\/\/internewskosova.org\/sq_al\/raporte\/","title":{"rendered":"Raporte"},"content":{"rendered":"<div class=\"vc_row wpb_row vc_row-fluid\"><div class=\"wpb_column vc_column_container vc_col-sm-4\"><div class=\"vc_column-inner\"><div class=\"wpb_wrapper\"><div class=\"vc_btn3-container vc_btn3-inline\">\r\n\t<a class=\"vc_general vc_btn3 vc_btn3-size-md vc_btn3-shape-rounded vc_btn3-style-modern vc_btn3-icon-left vc_btn3-color-grey\" href=\"http:\/\/internewskosova.org\/wp-content\/uploads\/2023\/11\/Raportimi-i-mediave-mbi-marredheniet-mes-Serbise-dhe-Kosoves_-Konflikt-apo-Bashkepunim-3.pdf\" title=\"\"><i class=\"vc_btn3-icon fa fa-file-text\"><\/i> Raportimi i mediave mbi marr\u00ebdh\u00ebniet mes Serbis\u00eb dhe Kosov\u00ebs: Konflikt apo Bashk\u00ebpunim<\/a><\/div>\r\n<\/div><\/div><\/div><div class=\"wpb_column vc_column_container vc_col-sm-4\"><div class=\"vc_column-inner\"><div class=\"wpb_wrapper\"><div class=\"vc_btn3-container vc_btn3-inline\">\r\n\t<a class=\"vc_general vc_btn3 vc_btn3-size-md vc_btn3-shape-rounded vc_btn3-style-modern vc_btn3-icon-left vc_btn3-color-grey\" href=\"http:\/\/internewskosova.org\/wp-content\/uploads\/2023\/11\/Zberthimi-i-narrativave-te-mediave-ne-raportimin-e-krizave-Studim-rasti-2.pdf\" title=\"\"><i class=\"vc_btn3-icon fa fa-file-text-o\"><\/i> Zb\u00ebrthimi i narrativave t\u00eb mediave n\u00eb raportimin e krizave - Analiz\u00eb<\/a><\/div>\r\n<\/div><\/div><\/div><div class=\"wpb_column vc_column_container vc_col-sm-4\"><div class=\"vc_column-inner\"><div class=\"wpb_wrapper\"><div class=\"vc_btn3-container vc_btn3-inline\">\r\n\t<a class=\"vc_general vc_btn3 vc_btn3-size-md vc_btn3-shape-rounded vc_btn3-style-modern vc_btn3-icon-left vc_btn3-color-grey\" href=\"http:\/\/internewskosova.org\/wp-content\/uploads\/2020\/08\/Buxhetimi-gjinor-ne\u0308-Kosove\u0308-Punimi_Shqip.pdf\" title=\"\"><i class=\"vc_btn3-icon fa fa-file-text-o\"><\/i> Buxhetimi gjinor ne\u0308 Kosove\u0308<\/a><\/div>\r\n<\/div><\/div><\/div><\/div><div class=\"vc_row wpb_row vc_row-fluid\"><div class=\"wpb_column vc_column_container vc_col-sm-4\"><div class=\"vc_column-inner\"><div class=\"wpb_wrapper\"><div class=\"vc_btn3-container vc_btn3-inline\">\r\n\t<a class=\"vc_general vc_btn3 vc_btn3-size-md vc_btn3-shape-rounded vc_btn3-style-modern vc_btn3-icon-left vc_btn3-color-grey\" href=\"http:\/\/internewskosova.org\/wp-content\/uploads\/2018\/06\/RAPORTI-I-MONITORIMIT-GJYKATAVE-2016.pdf\" title=\"\"><i class=\"vc_btn3-icon fa fa-file-text-o\"><\/i> RAPORTI I MONITORIMIT T\u00cb GJYKATAVE 2016<\/a><\/div>\r\n<\/div><\/div><\/div><div class=\"wpb_column vc_column_container vc_col-sm-4\"><div class=\"vc_column-inner\"><div class=\"wpb_wrapper\"><div class=\"vc_btn3-container vc_btn3-inline\">\r\n\t<a class=\"vc_general vc_btn3 vc_btn3-size-md vc_btn3-shape-rounded vc_btn3-style-modern vc_btn3-icon-left vc_btn3-color-grey\" href=\"http:\/\/internewskosova.org\/wp-content\/uploads\/2018\/06\/KALLXO_Testi_i_matures_alb_WEB_2_357014.pdf\" title=\"\"><i class=\"vc_btn3-icon fa fa-file-text-o\"><\/i> Raport nga monitorimi i Testit Komb\u00ebtar t\u00eb Matur\u00ebs 2015<\/a><\/div>\r\n<\/div><\/div><\/div><div class=\"wpb_column vc_column_container vc_col-sm-4\"><div class=\"vc_column-inner\"><div class=\"wpb_wrapper\"><div class=\"vc_btn3-container vc_btn3-inline\">\r\n\t<a class=\"vc_general vc_btn3 vc_btn3-size-md vc_btn3-shape-rounded vc_btn3-style-modern vc_btn3-icon-left vc_btn3-color-grey\" href=\"http:\/\/internewskosova.org\/wp-content\/uploads\/2017\/04\/BIRN_report_2014_ALB_web_42144.pdf\" title=\"\"><i class=\"vc_btn3-icon fa fa-file-text-o\"><\/i> RAPORTI I MONITORIMIT T\u00cb GJYKATAVE 2014<\/a><\/div>\r\n<\/div><\/div><\/div><\/div><div class=\"vc_row wpb_row vc_row-fluid\"><div class=\"wpb_column vc_column_container vc_col-sm-4\"><div class=\"vc_column-inner\"><div class=\"wpb_wrapper\"><div class=\"vc_btn3-container vc_btn3-inline\">\r\n\t<a class=\"vc_general vc_btn3 vc_btn3-size-md vc_btn3-shape-rounded vc_btn3-style-modern vc_btn3-icon-left vc_btn3-color-grey\" href=\"http:\/\/internewskosova.org\/wp-content\/uploads\/2017\/04\/Raporti_-_Monitorimi_i_testit_te_matures_142858.pdf\" title=\"\"><i class=\"vc_btn3-icon fa fa-file-text\"><\/i> MONITORIMI I TESTIT KOMB\u00cbTAR T\u00cb MATUR\u00cbS 2014 PJES\u00cbS II<\/a><\/div>\r\n<\/div><\/div><\/div><div class=\"wpb_column vc_column_container vc_col-sm-4\"><div class=\"vc_column-inner\"><div class=\"wpb_wrapper\"><div class=\"vc_btn3-container vc_btn3-inline\">\r\n\t<a class=\"vc_general vc_btn3 vc_btn3-size-md vc_btn3-shape-rounded vc_btn3-style-modern vc_btn3-icon-left vc_btn3-color-grey\" href=\"http:\/\/jetanekosove.com\/repository\/docs\/BIRN-shqip_350845.pdf\" title=\"\"><i class=\"vc_btn3-icon fa fa-file-text-o\"><\/i> RAPORTI I MONITORIMIT T\u00cb PROKURIMIT PUBLIK N\u00cb KOSOV\u00cb 2014<\/a><\/div>\r\n<\/div><\/div><\/div><div class=\"wpb_column vc_column_container vc_col-sm-4\"><div class=\"vc_column-inner\"><div class=\"wpb_wrapper\"><div class=\"vc_btn3-container vc_btn3-inline\">\r\n\t<a class=\"vc_general vc_btn3 vc_btn3-size-md vc_btn3-shape-rounded vc_btn3-style-modern vc_btn3-icon-left vc_btn3-color-grey\" href=\"http:\/\/drejtesianekosove.com\/repository\/docs\/RaportiMonitorimiGjykatave140724_998394.pdf\" title=\"\"><i class=\"vc_btn3-icon fa fa-file-text-o\"><\/i> RAPORTI VJETOR I MONITORIMIT T\u00cb GJYKATAVE 2013<\/a><\/div>\r\n<\/div><\/div><\/div><\/div><div class=\"vc_row wpb_row vc_row-fluid\"><div class=\"wpb_column vc_column_container vc_col-sm-4\"><div class=\"vc_column-inner\"><div class=\"wpb_wrapper\"><div class=\"vc_btn3-container vc_btn3-inline\">\r\n\t<a class=\"vc_general vc_btn3 vc_btn3-size-md vc_btn3-shape-rounded vc_btn3-style-modern vc_btn3-icon-left vc_btn3-color-grey\" href=\"http:\/\/drejtesianekosove.com\/repository\/docs\/birn_raporti_i_monitorimit_te_gjykatave_2012-2013_RE_218612.pdf\" title=\"\"><i class=\"vc_btn3-icon fa fa-file-text\"><\/i> RAPORTI VJETOR I MONITORIMIT TE GJYKATAVE 2012<\/a><\/div>\r\n<\/div><\/div><\/div><div class=\"wpb_column vc_column_container vc_col-sm-4\"><div class=\"vc_column-inner\"><div class=\"wpb_wrapper\"><div class=\"vc_btn3-container vc_btn3-inline\">\r\n\t<a class=\"vc_general vc_btn3 vc_btn3-size-md vc_btn3-shape-rounded vc_btn3-style-modern vc_btn3-icon-left vc_btn3-color-grey\" href=\"http:\/\/jetanekosove.com\/repository\/docs\/raporti_i_monitorimit_te_gjykatave_alb_820455.pdf\" title=\"\"><i class=\"vc_btn3-icon fa fa-file-text\"><\/i> RAPORTI VJETOR I MONITORIMIT TE GJYKATAVE 2011<\/a><\/div>\r\n<\/div><\/div><\/div><div class=\"wpb_column vc_column_container vc_col-sm-4\"><div class=\"vc_column-inner\"><div class=\"wpb_wrapper\"><div class=\"vc_btn3-container vc_btn3-inline\">\r\n\t<a class=\"vc_general vc_btn3 vc_btn3-size-md vc_btn3-shape-rounded vc_btn3-style-modern vc_btn3-icon-left vc_btn3-color-grey\" href=\"http:\/\/drejtesianekosove.com\/repository\/docs\/Monitoring_the_Courts_693015.pdf\" title=\"\"><i class=\"vc_btn3-icon fa fa-file-text-o\"><\/i> Raporti Vjetor i Monitorimit t\u00eb Gjykatave 2009<\/a><\/div>\r\n<\/div><\/div><\/div><\/div>","protected":false},"excerpt":{"rendered":"Raportimi i mediave mbi marr\u00ebdh\u00ebniet mes Serbis\u00eb dhe Kosov\u00ebs: Konflikt apo Bashk\u00ebpunim Zb\u00ebrthimi i narrativave t\u00eb mediave n\u00eb raportimin e krizave - Analiz\u00eb Buxhetimi gjinor ne\u0308 Kosove\u0308 RAPORTI I MONITORIMIT T\u00cb GJYKATAVE 2016 Raport nga monitorimi i Testit Komb\u00ebtar t\u00eb Matur\u00ebs 2015 RAPORTI I MONITORIMIT T\u00cb GJYKATAVE 2014 MONITORIMI I TESTIT KOMB\u00cbTAR T\u00cb MATUR\u00cbS 2014 [...]","protected":false},"author":1,"featured_media":0,"parent":0,"menu_order":0,"comment_status":"closed","ping_status":"closed","template":"","meta":{"_FSMCFIC_featured_image_caption":"","_FSMCFIC_featured_image_nocaption":"","_FSMCFIC_featured_image_hide":"","footnotes":""},"class_list":["post-1392","page","type-page","status-publish","hentry"],"yoast_head":"<!-- This site is optimized with the Yoast SEO plugin v24.9 - https:\/\/yoast.com\/wordpress\/plugins\/seo\/ -->\n<title>Raporte - Internews Kosova<\/title>\n<meta name=\"robots\" content=\"index, follow, max-snippet:-1, max-image-preview:large, max-video-preview:-1\" \/>\n<link rel=\"canonical\" href=\"https:\/\/internewskosova.org\/sq_al\/raporte\/\" \/>\n<meta property=\"og:locale\" content=\"sq_AL\" \/>\n<meta property=\"og:type\" content=\"article\" \/>\n<meta property=\"og:title\" content=\"Raporte - Internews Kosova\" \/>\n<meta property=\"og:url\" content=\"https:\/\/internewskosova.org\/sq_al\/raporte\/\" \/>\n<meta property=\"og:site_name\" content=\"Internews Kosova\" \/>\n<meta property=\"article:modified_time\" content=\"2023-11-10T14:47:08+00:00\" \/>\n<meta name=\"twitter:card\" content=\"summary_large_image\" \/>\n<meta name=\"twitter:label1\" content=\"Est. reading time\" \/>\n\t<meta name=\"twitter:data1\" content=\"1 minute\" \/>\n<script type=\"application\/ld+json\" class=\"yoast-schema-graph\">{\"@context\":\"https:\/\/schema.org\",\"@graph\":[{\"@type\":\"WebPage\",\"@id\":\"https:\/\/internewskosova.org\/raporte\/\",\"url\":\"https:\/\/internewskosova.org\/raporte\/\",\"name\":\"Raporte - Internews Kosova\",\"isPartOf\":{\"@id\":\"https:\/\/internewskosova.org\/#website\"},\"datePublished\":\"2018-06-08T09:31:51+00:00\",\"dateModified\":\"2023-11-10T14:47:08+00:00\",\"breadcrumb\":{\"@id\":\"https:\/\/internewskosova.org\/raporte\/#breadcrumb\"},\"inLanguage\":\"sq-AL\",\"potentialAction\":[{\"@type\":\"ReadAction\",\"target\":[\"https:\/\/internewskosova.org\/raporte\/\"]}]},{\"@type\":\"BreadcrumbList\",\"@id\":\"https:\/\/internewskosova.org\/raporte\/#breadcrumb\",\"itemListElement\":[{\"@type\":\"ListItem\",\"position\":1,\"name\":\"Home\",\"item\":\"https:\/\/internewskosova.org\/\"},{\"@type\":\"ListItem\",\"position\":2,\"name\":\"Raporte\"}]},{\"@type\":\"WebSite\",\"@id\":\"https:\/\/internewskosova.org\/#website\",\"url\":\"https:\/\/internewskosova.org\/\",\"name\":\"Internews Kosova\",\"description\":\"\",\"potentialAction\":[{\"@type\":\"SearchAction\",\"target\":{\"@type\":\"EntryPoint\",\"urlTemplate\":\"https:\/\/internewskosova.org\/?s={search_term_string}\"},\"query-input\":{\"@type\":\"PropertyValueSpecification\",\"valueRequired\":true,\"valueName\":\"search_term_string\"}}],\"inLanguage\":\"sq-AL\"}]}<\/script>\n<!-- \/ Yoast SEO plugin. -->","yoast_head_json":{"title":"Raporte - Internews Kosova","robots":{"index":"index","follow":"follow","max-snippet":"max-snippet:-1","max-image-preview":"max-image-preview:large","max-video-preview":"max-video-preview:-1"},"canonical":"https:\/\/internewskosova.org\/sq_al\/raporte\/","og_locale":"sq_AL","og_type":"article","og_title":"Raporte - Internews Kosova","og_url":"https:\/\/internewskosova.org\/sq_al\/raporte\/","og_site_name":"Internews Kosova","article_modified_time":"2023-11-10T14:47:08+00:00","twitter_card":"summary_large_image","twitter_misc":{"Est. reading time":"1 minute"},"schema":{"@context":"https:\/\/schema.org","@graph":[{"@type":"WebPage","@id":"https:\/\/internewskosova.org\/raporte\/","url":"https:\/\/internewskosova.org\/raporte\/","name":"Raporte - Internews Kosova","isPartOf":{"@id":"https:\/\/internewskosova.org\/#website"},"datePublished":"2018-06-08T09:31:51+00:00","dateModified":"2023-11-10T14:47:08+00:00","breadcrumb":{"@id":"https:\/\/internewskosova.org\/raporte\/#breadcrumb"},"inLanguage":"sq-AL","potentialAction":[{"@type":"ReadAction","target":["https:\/\/internewskosova.org\/raporte\/"]}]},{"@type":"BreadcrumbList","@id":"https:\/\/internewskosova.org\/raporte\/#breadcrumb","itemListElement":[{"@type":"ListItem","position":1,"name":"Home","item":"https:\/\/internewskosova.org\/"},{"@type":"ListItem","position":2,"name":"Raporte"}]},{"@type":"WebSite","@id":"https:\/\/internewskosova.org\/#website","url":"https:\/\/internewskosova.org\/","name":"Internews Kosova","description":"","potentialAction":[{"@type":"SearchAction","target":{"@type":"EntryPoint","urlTemplate":"https:\/\/internewskosova.org\/?s={search_term_string}"},"query-input":{"@type":"PropertyValueSpecification","valueRequired":true,"valueName":"search_term_string"}}],"inLanguage":"sq-AL"}]}},"_links":{"self":[{"href":"https:\/\/internewskosova.org\/sq_al\/wp-json\/wp\/v2\/pages\/1392","targetHints":{"allow":["GET"]}}],"collection":[{"href":"https:\/\/internewskosova.org\/sq_al\/wp-json\/wp\/v2\/pages"}],"about":[{"href":"https:\/\/internewskosova.org\/sq_al\/wp-json\/wp\/v2\/types\/page"}],"author":[{"embeddable":true,"href":"https:\/\/internewskosova.org\/sq_al\/wp-json\/wp\/v2\/users\/1"}],"replies":[{"embeddable":true,"href":"https:\/\/internewskosova.org\/sq_al\/wp-json\/wp\/v2\/comments?post=1392"}],"version-history":[{"count":17,"href":"https:\/\/internewskosova.org\/sq_al\/wp-json\/wp\/v2\/pages\/1392\/revisions"}],"predecessor-version":[{"id":2361,"href":"https:\/\/internewskosova.org\/sq_al\/wp-json\/wp\/v2\/pages\/1392\/revisions\/2361"}],"wp:attachment":[{"href":"https:\/\/internewskosova.org\/sq_al\/wp-json\/wp\/v2\/media?parent=1392"}],"curies":[{"name":"wp","href":"https:\/\/api.w.org\/{rel}","templated":true}]}}