{"id":489,"date":"2017-05-02T15:36:08","date_gmt":"2017-05-02T14:36:08","guid":{"rendered":"http:\/\/internewskosova.org\/?page_id=489"},"modified":"2018-06-07T14:14:32","modified_gmt":"2018-06-07T14:14:32","slug":"prodhimet-mediale","status":"publish","type":"page","link":"https:\/\/internewskosova.org\/sq_al\/prodhimet-mediale\/","title":{"rendered":"Prodhimet Mediale"},"content":{"rendered":"<div class=\"vc_row wpb_row vc_row-fluid\"><div class=\"wpb_column vc_column_container vc_col-sm-6\"><div class=\"vc_column-inner\"><div class=\"wpb_wrapper\"><div class=\"vc_tta-container\" data-vc-action=\"collapse\"><h2>Produktet e zhvilluara n\u00eb partneritet<\/h2><div class=\"vc_general vc_tta vc_tta-accordion vc_tta-color-grey vc_tta-style-classic vc_tta-shape-square vc_tta-spacing-10 vc_tta-controls-align-left\"><div class=\"vc_tta-panels-container\"><div class=\"vc_tta-panels\"><div class=\"vc_tta-panel\" id=\"1520713586284-f8089299-5897\" data-vc-content=\".vc_tta-panel-body\"><div class=\"vc_tta-panel-heading\"><h4 class=\"vc_tta-panel-title vc_tta-controls-icon-position-left\"><a href=\"#1520713586284-f8089299-5897\" data-vc-accordion data-vc-container=\".vc_tta-container\"><span class=\"vc_tta-title-text\">Jeta N\u00eb Kosov\u00eb<\/span><i class=\"vc_tta-controls-icon vc_tta-controls-icon-triangle\"><\/i><\/a><\/h4><\/div><div class=\"vc_tta-panel-body\">\r\n\t<div class=\"wpb_text_column wpb_content_element\">\r\n\t\t<div class=\"wpb_wrapper\">\r\n\t\t\t<p>\u201cJeta n\u00eb Kosov\u00eb\u201d \u00ebsht\u00eb program i \u00e7\u00ebshtjeve aktuale q\u00eb ng\u00ebrthen n\u00eb vete pyetje t\u00eb v\u00ebshtira dhe sfiduese p\u00ebr vendim-marr\u00ebsit, debate dinamike dhe t\u00eb holl\u00ebsishme n\u00eb studio rreth temave kontroverse e q\u00eb pasurohen me reportazhe mir\u00eb t\u00eb hulumtuara nga ekipi i monitoruesve n\u00eb terren. Jeta n\u00eb Kosov\u00eb transmetohet q\u00eb nga viti 2005 n\u00eb Televizionin Publik t\u00eb Kosov\u00ebs \u2013 RTK1.<\/p>\n\r\n\t\t<\/div>\r\n\t<\/div>\r\n<div class=\"vc_btn3-container vc_btn3-inline\">\r\n\t<a class=\"vc_general vc_btn3 vc_btn3-size-md vc_btn3-shape-rounded vc_btn3-style-modern vc_btn3-color-grey\" href=\"http:\/\/www.JETANEKOSOVE.com\" title=\"\">www.JETANEKOSOVE.com<\/a><\/div>\r\n<\/div><\/div><div class=\"vc_tta-panel\" id=\"1520713586472-3788bd8c-0364\" data-vc-content=\".vc_tta-panel-body\"><div class=\"vc_tta-panel-heading\"><h4 class=\"vc_tta-panel-title vc_tta-controls-icon-position-left\"><a href=\"#1520713586472-3788bd8c-0364\" data-vc-accordion data-vc-container=\".vc_tta-container\"><span class=\"vc_tta-title-text\">Drejt\u00ebsia N\u00eb Kosov\u00eb<\/span><i class=\"vc_tta-controls-icon vc_tta-controls-icon-triangle\"><\/i><\/a><\/h4><\/div><div class=\"vc_tta-panel-body\">\r\n\t<div class=\"wpb_text_column wpb_content_element\">\r\n\t\t<div class=\"wpb_wrapper\">\r\n\t\t\t<p><strong>Emisioni \u201cDrejt\u00ebsia n\u00eb Kosov\u00eb\u201d (DnK)<\/strong>\u00a0q\u00eb transmetohet q\u00eb nga viti 2010 n\u00eb RTK mbulon \u00e7\u00ebshtje t\u00eb drejt\u00ebsis\u00eb, policis\u00eb dhe siguris\u00eb. Emisioni bazohet n\u00eb monitorimin e gjykatave dhe n\u00eb t\u00eb dh\u00ebnat e mbledhura nga monitoruesit e vendosur n\u00eb 26 komuna t\u00eb Kosov\u00ebs. Ky emision fokusohet n\u00eb \u00e7\u00ebshtje t\u00eb sundimit t\u00eb ligjit dhe p\u00ebrdoret nga qytetar\u00ebt si platform\u00eb q\u00eb t\u00eb raportojn\u00eb raste t\u00eb pazgjidhura ende nga gjykatat dhe policia. N\u00eb momentin q\u00eb DnK hedh n\u00eb drit\u00eb nj\u00eb problem t\u00eb caktuar dhe interviston t\u00eb gjitha pal\u00ebt, i detyron institucionet q\u00eb veprojn\u00eb, gj\u00eb q\u00eb Kosov\u00ebs n\u00eb p\u00ebrgjith\u00ebsi i mungon. Drejt\u00ebsia n\u00eb Kosov\u00eb ka fituar \u00e7mime t\u00eb ndryshme p\u00ebr zbulimin e skandaleve t\u00eb ndryshme korruptive.<\/p>\n\r\n\t\t<\/div>\r\n\t<\/div>\r\n<div class=\"vc_btn3-container vc_btn3-inline\">\r\n\t<a class=\"vc_general vc_btn3 vc_btn3-size-md vc_btn3-shape-rounded vc_btn3-style-modern vc_btn3-color-grey\" href=\"http:\/\/drejtesianekosove.com\/\" title=\"\">www.DREJTESIANEKOSOVE.com<\/a><\/div>\r\n<\/div><\/div><div class=\"vc_tta-panel\" id=\"1520713586665-5bd5a066-f1c7\" data-vc-content=\".vc_tta-panel-body\"><div class=\"vc_tta-panel-heading\"><h4 class=\"vc_tta-panel-title vc_tta-controls-icon-position-left\"><a href=\"#1520713586665-5bd5a066-f1c7\" data-vc-accordion data-vc-container=\".vc_tta-container\"><span class=\"vc_tta-title-text\">Gazeta Jeta N\u00eb Kosov\u00eb<\/span><i class=\"vc_tta-controls-icon vc_tta-controls-icon-triangle\"><\/i><\/a><\/h4><\/div><div class=\"vc_tta-panel-body\">\r\n\t<div class=\"wpb_text_column wpb_content_element\">\r\n\t\t<div class=\"wpb_wrapper\">\r\n\t\t\t<p><strong>Gazeta \u201cJeta n\u00eb Kosov\u00eb\u201d<\/strong>\u00a0\u00ebsht\u00eb medium n\u00eb gjuh\u00ebn shqipe i nisur n\u00eb shtator t\u00eb vitit 2011, me synim ofrimin e informacionit objektiv dhe analiz\u00ebn e tij duke ndjekur standardet e gazetaris\u00eb bot\u00ebrore.<\/p>\n<p>Duke u bazuar n\u00eb kualitetin dhe ndikimin q\u00eb ka pasur storia hulumtuese dhe n\u00eb k\u00ebmb\u00ebnguljen p\u00ebr t\u00eb zbuluar thell\u00ebsin\u00eb e korrupsionit, Gazeta \u00ebsht\u00eb shp\u00ebrblyer me \u00e7mime t\u00eb ndryshme q\u00eb kan\u00eb njohur kontributin e madh n\u00eb zbulimin e parregullsive e keqp\u00ebrdorimeve vecan\u00ebrisht t\u00eb paras\u00eb publike.<\/p>\n\r\n\t\t<\/div>\r\n\t<\/div>\r\n<div class=\"vc_btn3-container vc_btn3-inline\">\r\n\t<a class=\"vc_general vc_btn3 vc_btn3-size-md vc_btn3-shape-rounded vc_btn3-style-modern vc_btn3-color-grey\" href=\"http:\/\/kallxo.com\/gjnk\" title=\"\">www.GAZETAJNK.com<\/a><\/div>\r\n<\/div><\/div><div class=\"vc_tta-panel\" id=\"1520713586856-9af8f7a0-ad0f\" data-vc-content=\".vc_tta-panel-body\"><div class=\"vc_tta-panel-heading\"><h4 class=\"vc_tta-panel-title vc_tta-controls-icon-position-left\"><a href=\"#1520713586856-9af8f7a0-ad0f\" data-vc-accordion data-vc-container=\".vc_tta-container\"><span class=\"vc_tta-title-text\">Prishtina Insight<\/span><i class=\"vc_tta-controls-icon vc_tta-controls-icon-triangle\"><\/i><\/a><\/h4><\/div><div class=\"vc_tta-panel-body\">\r\n\t<div class=\"wpb_text_column wpb_content_element\">\r\n\t\t<div class=\"wpb_wrapper\">\r\n\t\t\t<p><strong>Prishtina Insight<\/strong>\u00a0\u00ebsht\u00eb gazeta e vetme n\u00eb gjuh\u00eb angleze n\u00eb Kosov\u00eb, q\u00eb prodhohet q\u00eb nga viti 2008 n\u00eb rreth 23 edicione brenda nj\u00eb viti. Gazeta \u00ebsht\u00eb burim kryesor p\u00ebr nj\u00eb fush\u00eb t\u00eb gjer\u00eb t\u00eb cil\u00ebn e mbulon e q\u00eb p\u00ebrfshin artikuj, mes t\u00eb tjerash, edhe nga biznesi dhe kultura. Prishtina Insight ka shp\u00ebrndar\u00eb rreth 2000 kopje t\u00eb secilit edicion n\u00ebp\u00ebr bare, restorane, librari dhe Ambasada t\u00eb ndryshme. Gazeta ka shitur nj\u00eb hap\u00ebsir\u00eb modeste t\u00eb saj p\u00ebr reklamim si dhe edicione t\u00eb shitura online, mir\u00ebpo tregu \u00ebsht\u00eb shum\u00eb sfidues. Pas shtat\u00eb viteve t\u00eb botimit vet\u00ebm n\u00eb versionin e shtypur, Prishtina Insight aktualisht \u00ebsht\u00eb n\u00eb faz\u00ebn e tranzicionit n\u00eb online, por duke ruajtur besueshm\u00ebrin\u00eb ndaj lexuesit, do t\u00eb vazhdoj\u00eb n\u00eb baza periodike t\u00eb ofroj\u00eb edhe edicione speciale t\u00eb shtypura.<\/p>\n\r\n\t\t<\/div>\r\n\t<\/div>\r\n<div class=\"vc_btn3-container vc_btn3-inline\">\r\n\t<a class=\"vc_general vc_btn3 vc_btn3-size-md vc_btn3-shape-rounded vc_btn3-style-modern vc_btn3-color-grey\" href=\"http:\/\/www.PRISHTINAINSIGHT.com\" title=\"\">www.PRISHTINAINSIGHT.com<\/a><\/div>\r\n<\/div><\/div><div class=\"vc_tta-panel\" id=\"1528380559042-105a5ac0-b966\" data-vc-content=\".vc_tta-panel-body\"><div class=\"vc_tta-panel-heading\"><h4 class=\"vc_tta-panel-title vc_tta-controls-icon-position-left\"><a href=\"#1528380559042-105a5ac0-b966\" data-vc-accordion data-vc-container=\".vc_tta-container\"><span class=\"vc_tta-title-text\">Monitorimi i Sh\u00ebrbimeve Publike<\/span><i class=\"vc_tta-controls-icon vc_tta-controls-icon-triangle\"><\/i><\/a><\/h4><\/div><div class=\"vc_tta-panel-body\">\r\n\t<div class=\"wpb_text_column wpb_content_element\">\r\n\t\t<div class=\"wpb_wrapper\">\r\n\t\t\t<p><img loading=\"lazy\" decoding=\"async\" class=\"size-full wp-image-506 alignleft\" src=\"http:\/\/internewskosova.org\/wp-content\/uploads\/2017\/05\/monitoring_web_900874-e1516924535613.jpg\" alt=\"\" width=\"132\" height=\"124\" \/>Monitorimi i Sh\u00ebrbimeve Publike \u2013 Internews Kosova, n\u00eb partneritet me Rrjetin Ballkanik t\u00eb Gazetaris\u00eb Hulumtuese kan\u00eb realizuar nj\u00eb program p\u00ebr monitorimin e sh\u00ebrbimeve publike q\u00eb nga viti 2008. Monitorimi i sh\u00ebrbimeve publike kryhet n\u00eb baza ditore, me fokus n\u00eb gjykata, sh\u00ebndet\u00ebsi dhe arsim n\u00eb 18 komuna t\u00eb Kosov\u00ebs. Monitoruesit e specializuar monitorojn\u00eb \u00e7do dit\u00eb performanc\u00ebn e k\u00ebtyre sh\u00ebrbimeve publike n\u00eb 18 komunat vijuese: Prishtin\u00eb, Pej\u00eb, Prizren, Gjilan, Mitrovic\u00eb, Ferizaj, Gjakov\u00eb, De\u00e7an, Vushtrri, Podujev\u00eb, Lipjan, Klin\u00eb, Istog, Suharek\u00eb, Malishev\u00eb, Drenas, Skenderaj dhe Rahovec. N\u00eb fund t\u00eb secilit vit t\u00eb monitorimit t\u00eb sh\u00ebrbimeve publike, Internews Kosova dhe BIRN publikojn\u00eb raporte analitike q\u00eb p\u00ebrfshijn\u00eb hulumtime t\u00eb thella me fokus n\u00eb arsim, sh\u00ebndet\u00ebsi dhe gjykata<\/p>\n\r\n\t\t<\/div>\r\n\t<\/div>\r\n<\/div><\/div><\/div><\/div><\/div><\/div><\/div><\/div><\/div><div class=\"wpb_column vc_column_container vc_col-sm-6\"><div class=\"vc_column-inner\"><div class=\"wpb_wrapper\"><div class=\"vc_tta-container\" data-vc-action=\"collapse\"><h2>Produktet<\/h2><div class=\"vc_general vc_tta vc_tta-accordion vc_tta-color-grey vc_tta-style-classic vc_tta-shape-square vc_tta-spacing-10 vc_tta-controls-align-left\"><div class=\"vc_tta-panels-container\"><div class=\"vc_tta-panels\"><div class=\"vc_tta-panel\" id=\"1528380518310-b90a400d-5def\" data-vc-content=\".vc_tta-panel-body\"><div class=\"vc_tta-panel-heading\"><h4 class=\"vc_tta-panel-title vc_tta-controls-icon-position-left\"><a href=\"#1528380518310-b90a400d-5def\" data-vc-accordion data-vc-container=\".vc_tta-container\"><span class=\"vc_tta-title-text\">Kallxo.com<\/span><i class=\"vc_tta-controls-icon vc_tta-controls-icon-triangle\"><\/i><\/a><\/h4><\/div><div class=\"vc_tta-panel-body\">\r\n\t<div class=\"wpb_text_column wpb_content_element\">\r\n\t\t<div class=\"wpb_wrapper\">\r\n\t\t\t<p>Platforma ofron mund\u00ebsin\u00eb p\u00ebr t\u00eb gjith\u00eb qytetar\u00ebt e Kosov\u00ebs q\u00eb t\u00eb raportojn\u00eb rastet e korrupsionit, krimit t\u00eb organizuar, mashtrimit, konfliktit t\u00eb interesit si dhe t\u00eb gjitha rastet e tjera t\u00eb keqp\u00ebrdorimit t\u00eb pozit\u00ebs zyrtare, neglizhenc\u00ebs, mospun\u00ebs, rrezikimit t\u00eb t\u00eb drejtave t\u00eb qytetar\u00ebve t\u00eb Kosov\u00ebs, apo rrezikimit t\u00eb interesave t\u00eb p\u00ebrgjithshme.<\/p>\n\r\n\t\t<\/div>\r\n\t<\/div>\r\n<div class=\"vc_btn3-container vc_btn3-inline\">\r\n\t<a class=\"vc_general vc_btn3 vc_btn3-size-md vc_btn3-shape-rounded vc_btn3-style-modern vc_btn3-color-grey\" href=\"http:\/\/www.KALLXO.com\" title=\"\">www.KALLXO.com<\/a><\/div>\r\n<\/div><\/div><div class=\"vc_tta-panel\" id=\"1528380519124-5c935923-e2d6\" data-vc-content=\".vc_tta-panel-body\"><div class=\"vc_tta-panel-heading\"><h4 class=\"vc_tta-panel-title vc_tta-controls-icon-position-left\"><a href=\"#1528380519124-5c935923-e2d6\" data-vc-accordion data-vc-container=\".vc_tta-container\"><span class=\"vc_tta-title-text\">Krypomet\u00ebr<\/span><i class=\"vc_tta-controls-icon vc_tta-controls-icon-triangle\"><\/i><\/a><\/h4><\/div><div class=\"vc_tta-panel-body\">\r\n\t<div class=\"wpb_text_column wpb_content_element\">\r\n\t\t<div class=\"wpb_wrapper\">\r\n\t\t\t<p>Q\u00ebllimi i Krypometrit \u00ebsht\u00eb t\u00eb reflektoj\u00eb mbi v\u00ebrtet\u00ebsin\u00eb e nj\u00eb deklarate publike, ta skenoj\u00eb e ta inspektoj\u00eb nj\u00eb deklarat\u00eb t\u00eb nj\u00eb figure politike lidhur me \u00e7\u00ebshtjet me r\u00ebnd\u00ebsi t\u00eb madhe, lokale, qendrore apo nd\u00ebrkomb\u00ebtare.<\/p>\n<p>Ne nuk do t\u00eb fokusohemi vet\u00ebm te akuzat dhe kund\u00ebr-akuzat politike q\u00eb p\u00ebrdoren zakonisht gjat\u00eb zgjedhjeve. Do t\u00eb synojm\u00eb t&#8217;i shpjegojm\u00eb gj\u00ebrat e v\u00ebshtira, t\u00eb ju sjellim kontekstin apo historikun e asaj deklarate dhe do paraqesim analiz\u00eb t\u00eb t\u00eb dh\u00ebnave dhe shpjegim t\u00eb asaj se si e formulojn\u00eb mendimin politikan\u00ebt, diplomat\u00ebt e t\u00eb tjer\u00ebt p\u00ebr ta shtremb\u00ebruar apo p\u00ebr ta hijezuar t\u00eb v\u00ebrtet\u00ebn.<\/p>\n\r\n\t\t<\/div>\r\n\t<\/div>\r\n<div class=\"vc_btn3-container vc_btn3-inline\">\r\n\t<a class=\"vc_general vc_btn3 vc_btn3-size-md vc_btn3-shape-rounded vc_btn3-style-modern vc_btn3-color-grey\" href=\"http:\/\/kallxo.com\/krypometer\/\" title=\"\">KRYPOMET\u00cbR<\/a><\/div>\r\n<\/div><\/div><div class=\"vc_tta-panel\" id=\"1528380519285-ba81e121-08b0\" data-vc-content=\".vc_tta-panel-body\"><div class=\"vc_tta-panel-heading\"><h4 class=\"vc_tta-panel-title vc_tta-controls-icon-position-left\"><a href=\"#1528380519285-ba81e121-08b0\" data-vc-accordion data-vc-container=\".vc_tta-container\"><span class=\"vc_tta-title-text\">Tema<\/span><i class=\"vc_tta-controls-icon vc_tta-controls-icon-triangle\"><\/i><\/a><\/h4><\/div><div class=\"vc_tta-panel-body\">\r\n\t<div class=\"wpb_text_column wpb_content_element\">\r\n\t\t<div class=\"wpb_wrapper\">\r\n\t\t\t<p><strong>Tema \u2013<\/strong>\u00a0\u00ebsht\u00eb seri periodike emisionesh televizive q\u00eb paraqet nj\u00eb koncept unik t\u00eb zhvilluar nga Internews Kosova n\u00eb bashk\u00ebpunim me BIRN Kosov\u00ebn dhe BIRN Serbin\u00eb. Bazuar n\u00eb supozimin q\u00eb deri m\u00eb tani \u00ebsht\u00eb b\u00ebr\u00eb pak q\u00eb t\u00eb organizohen debate t\u00eb tilla, ne kemi menduar q\u00eb duke prodhuar nj\u00eb seri t\u00eb debateve dhe reportazheve televizive t\u00eb cilat bashkojn\u00eb serb\u00ebt dhe shqiptar\u00ebt q\u00eb t\u00eb diskutojn\u00eb kualitetin e jet\u00ebs, at\u00ebher\u00eb do t\u00eb krijohet nj\u00eb platform\u00eb joformale p\u00ebr dialogun n\u00eb mes t\u00eb pal\u00ebve t\u00eb interesit n\u00eb Kosov\u00eb dhe Serbi.<\/p>\n\r\n\t\t<\/div>\r\n\t<\/div>\r\n<\/div><\/div><div class=\"vc_tta-panel\" id=\"1528380519385-4d822e6c-5e57\" data-vc-content=\".vc_tta-panel-body\"><div class=\"vc_tta-panel-heading\"><h4 class=\"vc_tta-panel-title vc_tta-controls-icon-position-left\"><a href=\"#1528380519385-4d822e6c-5e57\" data-vc-accordion data-vc-container=\".vc_tta-container\"><span class=\"vc_tta-title-text\">Rubrika \u201cPolicia\u201d<\/span><i class=\"vc_tta-controls-icon vc_tta-controls-icon-triangle\"><\/i><\/a><\/h4><\/div><div class=\"vc_tta-panel-body\">\r\n\t<div class=\"wpb_text_column wpb_content_element\">\r\n\t\t<div class=\"wpb_wrapper\">\r\n\t\t\t<p><strong>Rubrika \u201cPolicia\u201d<\/strong>\u00a0\u00ebsht\u00eb segment i ve\u00e7ant\u00eb n\u00eb kuad\u00ebr t\u00eb emisionit televiziv \u201cDrejt\u00ebsia n\u00eb Kosov\u00eb\u201d e cila p\u00ebrfshin aksione t\u00eb v\u00ebrteta t\u00eb Policis\u00eb s\u00eb Kosov\u00ebs, e t\u00eb cilat transmetohen ekskluzivisht n\u00eb k\u00ebt\u00eb emision. Aksionet e policis\u00eb tregojn\u00eb arrestime t\u00eb njer\u00ebzve t\u00eb cil\u00ebt mbajn\u00eb ose shp\u00ebrndajn\u00eb narkotik\u00eb, b\u00ebjn\u00eb grabitje, ngacmime seksuale kund\u00ebr t\u00eb miturve, dhun\u00eb n\u00eb familje dhe vepra t\u00eb tjera penale.<\/p>\n\r\n\t\t<\/div>\r\n\t<\/div>\r\n<div class=\"vc_btn3-container vc_btn3-inline\">\r\n\t<a class=\"vc_general vc_btn3 vc_btn3-size-md vc_btn3-shape-rounded vc_btn3-style-modern vc_btn3-color-grey\" href=\"https:\/\/www.youtube.com\/user\/drejtesianekosove\/playlists?sort=dd&view=50&shelf_id=8\" title=\"\">POLICIA<\/a><\/div>\r\n<\/div><\/div><div class=\"vc_tta-panel\" id=\"1528380769523-054ebef1-a1fd\" data-vc-content=\".vc_tta-panel-body\"><div class=\"vc_tta-panel-heading\"><h4 class=\"vc_tta-panel-title vc_tta-controls-icon-position-left\"><a href=\"#1528380769523-054ebef1-a1fd\" data-vc-accordion data-vc-container=\".vc_tta-container\"><span class=\"vc_tta-title-text\">Lamjet<\/span><i class=\"vc_tta-controls-icon vc_tta-controls-icon-triangle\"><\/i><\/a><\/h4><\/div><div class=\"vc_tta-panel-body\">\r\n\t<div class=\"wpb_text_column wpb_content_element\">\r\n\t\t<div class=\"wpb_wrapper\">\r\n\t\t\t<p><img loading=\"lazy\" decoding=\"async\" class=\"alignleft wp-image-505 size-thumbnail\" src=\"http:\/\/internewskosova.org\/wp-content\/uploads\/2017\/05\/vlcsnap-error251-150x150.png\" alt=\"\" width=\"150\" height=\"150\" srcset=\"https:\/\/internewskosova.org\/wp-content\/uploads\/2017\/05\/vlcsnap-error251-150x150.png 150w, https:\/\/internewskosova.org\/wp-content\/uploads\/2017\/05\/vlcsnap-error251-300x300.png 300w, https:\/\/internewskosova.org\/wp-content\/uploads\/2017\/05\/vlcsnap-error251-100x100.png 100w, https:\/\/internewskosova.org\/wp-content\/uploads\/2017\/05\/vlcsnap-error251-180x180.png 180w\" sizes=\"auto, (max-width: 150px) 100vw, 150px\" \/><strong>Lamjet<\/strong>\u00a0\u2013 \u00ebsht\u00eb nj\u00eb nd\u00ebr prodhimet mediale t\u00eb Internews Kosova dhe BIRN q\u00eb ka karakter satirik. Lamjet jan\u00eb transmetuar \u00e7do jav\u00eb ku p\u00ebrmes nj\u00eb edicioni t\u00eb simuluar t\u00eb lajmeve \u00ebsht\u00eb ironizuar me figura publike si Presidenti, Kryeministri dhe t\u00eb tjer\u00eb<\/p>\n\r\n\t\t<\/div>\r\n\t<\/div>\r\n<\/div><\/div><\/div><\/div><\/div><\/div><\/div><\/div><\/div><\/div><div class=\"wpb_column vc_column_container vc_col-sm-12\"><div class=\"vc_column-inner\"><div class=\"wpb_wrapper\"><\/div><\/div><\/div>","protected":false},"excerpt":{"rendered":"Produktet e zhvilluara n\u00eb partneritetJeta N\u00eb Kosov\u00eb \u201cJeta n\u00eb Kosov\u00eb\u201d \u00ebsht\u00eb program i \u00e7\u00ebshtjeve aktuale q\u00eb ng\u00ebrthen n\u00eb vete pyetje t\u00eb v\u00ebshtira dhe sfiduese p\u00ebr vendim-marr\u00ebsit, debate dinamike dhe t\u00eb holl\u00ebsishme n\u00eb studio rreth temave kontroverse e q\u00eb pasurohen me reportazhe mir\u00eb t\u00eb hulumtuara nga ekipi i monitoruesve n\u00eb terren. Jeta n\u00eb Kosov\u00eb transmetohet q\u00eb [...]","protected":false},"author":1,"featured_media":0,"parent":0,"menu_order":0,"comment_status":"closed","ping_status":"closed","template":"","meta":{"_FSMCFIC_featured_image_caption":"","_FSMCFIC_featured_image_nocaption":"","_FSMCFIC_featured_image_hide":"","footnotes":""},"class_list":["post-489","page","type-page","status-publish","hentry"],"yoast_head":"<!-- This site is optimized with the Yoast SEO plugin v24.9 - https:\/\/yoast.com\/wordpress\/plugins\/seo\/ -->\n<title>Prodhimet Mediale - Internews Kosova<\/title>\n<meta name=\"robots\" content=\"index, follow, max-snippet:-1, max-image-preview:large, max-video-preview:-1\" \/>\n<link rel=\"canonical\" href=\"https:\/\/internewskosova.org\/sq_al\/prodhimet-mediale\/\" \/>\n<meta property=\"og:locale\" content=\"sq_AL\" \/>\n<meta property=\"og:type\" content=\"article\" \/>\n<meta property=\"og:title\" content=\"Prodhimet Mediale - Internews Kosova\" \/>\n<meta property=\"og:url\" content=\"https:\/\/internewskosova.org\/sq_al\/prodhimet-mediale\/\" \/>\n<meta property=\"og:site_name\" content=\"Internews Kosova\" \/>\n<meta property=\"article:modified_time\" content=\"2018-06-07T14:14:32+00:00\" \/>\n<meta property=\"og:image\" content=\"http:\/\/internewskosova.org\/wp-content\/uploads\/2017\/05\/monitoring_web_900874-e1516924535613.jpg\" \/>\n<meta name=\"twitter:card\" content=\"summary_large_image\" \/>\n<meta name=\"twitter:label1\" content=\"Est. reading time\" \/>\n\t<meta name=\"twitter:data1\" content=\"6 minutes\" \/>\n<script type=\"application\/ld+json\" class=\"yoast-schema-graph\">{\"@context\":\"https:\/\/schema.org\",\"@graph\":[{\"@type\":\"WebPage\",\"@id\":\"https:\/\/internewskosova.org\/prodhimet-mediale\/\",\"url\":\"https:\/\/internewskosova.org\/prodhimet-mediale\/\",\"name\":\"Prodhimet Mediale - Internews Kosova\",\"isPartOf\":{\"@id\":\"https:\/\/internewskosova.org\/#website\"},\"primaryImageOfPage\":{\"@id\":\"https:\/\/internewskosova.org\/prodhimet-mediale\/#primaryimage\"},\"image\":{\"@id\":\"https:\/\/internewskosova.org\/prodhimet-mediale\/#primaryimage\"},\"thumbnailUrl\":\"http:\/\/internewskosova.org\/wp-content\/uploads\/2017\/05\/monitoring_web_900874-e1516924535613.jpg\",\"datePublished\":\"2017-05-02T14:36:08+00:00\",\"dateModified\":\"2018-06-07T14:14:32+00:00\",\"breadcrumb\":{\"@id\":\"https:\/\/internewskosova.org\/prodhimet-mediale\/#breadcrumb\"},\"inLanguage\":\"sq-AL\",\"potentialAction\":[{\"@type\":\"ReadAction\",\"target\":[\"https:\/\/internewskosova.org\/prodhimet-mediale\/\"]}]},{\"@type\":\"ImageObject\",\"inLanguage\":\"sq-AL\",\"@id\":\"https:\/\/internewskosova.org\/prodhimet-mediale\/#primaryimage\",\"url\":\"http:\/\/internewskosova.org\/wp-content\/uploads\/2017\/05\/monitoring_web_900874-e1516924535613.jpg\",\"contentUrl\":\"http:\/\/internewskosova.org\/wp-content\/uploads\/2017\/05\/monitoring_web_900874-e1516924535613.jpg\"},{\"@type\":\"BreadcrumbList\",\"@id\":\"https:\/\/internewskosova.org\/prodhimet-mediale\/#breadcrumb\",\"itemListElement\":[{\"@type\":\"ListItem\",\"position\":1,\"name\":\"Home\",\"item\":\"https:\/\/internewskosova.org\/\"},{\"@type\":\"ListItem\",\"position\":2,\"name\":\"Prodhimet Mediale\"}]},{\"@type\":\"WebSite\",\"@id\":\"https:\/\/internewskosova.org\/#website\",\"url\":\"https:\/\/internewskosova.org\/\",\"name\":\"Internews Kosova\",\"description\":\"\",\"potentialAction\":[{\"@type\":\"SearchAction\",\"target\":{\"@type\":\"EntryPoint\",\"urlTemplate\":\"https:\/\/internewskosova.org\/?s={search_term_string}\"},\"query-input\":{\"@type\":\"PropertyValueSpecification\",\"valueRequired\":true,\"valueName\":\"search_term_string\"}}],\"inLanguage\":\"sq-AL\"}]}<\/script>\n<!-- \/ Yoast SEO plugin. -->","yoast_head_json":{"title":"Prodhimet Mediale - Internews Kosova","robots":{"index":"index","follow":"follow","max-snippet":"max-snippet:-1","max-image-preview":"max-image-preview:large","max-video-preview":"max-video-preview:-1"},"canonical":"https:\/\/internewskosova.org\/sq_al\/prodhimet-mediale\/","og_locale":"sq_AL","og_type":"article","og_title":"Prodhimet Mediale - Internews Kosova","og_url":"https:\/\/internewskosova.org\/sq_al\/prodhimet-mediale\/","og_site_name":"Internews Kosova","article_modified_time":"2018-06-07T14:14:32+00:00","og_image":[{"url":"http:\/\/internewskosova.org\/wp-content\/uploads\/2017\/05\/monitoring_web_900874-e1516924535613.jpg","type":"","width":"","height":""}],"twitter_card":"summary_large_image","twitter_misc":{"Est. reading time":"6 minutes"},"schema":{"@context":"https:\/\/schema.org","@graph":[{"@type":"WebPage","@id":"https:\/\/internewskosova.org\/prodhimet-mediale\/","url":"https:\/\/internewskosova.org\/prodhimet-mediale\/","name":"Prodhimet Mediale - Internews Kosova","isPartOf":{"@id":"https:\/\/internewskosova.org\/#website"},"primaryImageOfPage":{"@id":"https:\/\/internewskosova.org\/prodhimet-mediale\/#primaryimage"},"image":{"@id":"https:\/\/internewskosova.org\/prodhimet-mediale\/#primaryimage"},"thumbnailUrl":"http:\/\/internewskosova.org\/wp-content\/uploads\/2017\/05\/monitoring_web_900874-e1516924535613.jpg","datePublished":"2017-05-02T14:36:08+00:00","dateModified":"2018-06-07T14:14:32+00:00","breadcrumb":{"@id":"https:\/\/internewskosova.org\/prodhimet-mediale\/#breadcrumb"},"inLanguage":"sq-AL","potentialAction":[{"@type":"ReadAction","target":["https:\/\/internewskosova.org\/prodhimet-mediale\/"]}]},{"@type":"ImageObject","inLanguage":"sq-AL","@id":"https:\/\/internewskosova.org\/prodhimet-mediale\/#primaryimage","url":"http:\/\/internewskosova.org\/wp-content\/uploads\/2017\/05\/monitoring_web_900874-e1516924535613.jpg","contentUrl":"http:\/\/internewskosova.org\/wp-content\/uploads\/2017\/05\/monitoring_web_900874-e1516924535613.jpg"},{"@type":"BreadcrumbList","@id":"https:\/\/internewskosova.org\/prodhimet-mediale\/#breadcrumb","itemListElement":[{"@type":"ListItem","position":1,"name":"Home","item":"https:\/\/internewskosova.org\/"},{"@type":"ListItem","position":2,"name":"Prodhimet Mediale"}]},{"@type":"WebSite","@id":"https:\/\/internewskosova.org\/#website","url":"https:\/\/internewskosova.org\/","name":"Internews Kosova","description":"","potentialAction":[{"@type":"SearchAction","target":{"@type":"EntryPoint","urlTemplate":"https:\/\/internewskosova.org\/?s={search_term_string}"},"query-input":{"@type":"PropertyValueSpecification","valueRequired":true,"valueName":"search_term_string"}}],"inLanguage":"sq-AL"}]}},"_links":{"self":[{"href":"https:\/\/internewskosova.org\/sq_al\/wp-json\/wp\/v2\/pages\/489","targetHints":{"allow":["GET"]}}],"collection":[{"href":"https:\/\/internewskosova.org\/sq_al\/wp-json\/wp\/v2\/pages"}],"about":[{"href":"https:\/\/internewskosova.org\/sq_al\/wp-json\/wp\/v2\/types\/page"}],"author":[{"embeddable":true,"href":"https:\/\/internewskosova.org\/sq_al\/wp-json\/wp\/v2\/users\/1"}],"replies":[{"embeddable":true,"href":"https:\/\/internewskosova.org\/sq_al\/wp-json\/wp\/v2\/comments?post=489"}],"version-history":[{"count":3,"href":"https:\/\/internewskosova.org\/sq_al\/wp-json\/wp\/v2\/pages\/489\/revisions"}],"predecessor-version":[{"id":1385,"href":"https:\/\/internewskosova.org\/sq_al\/wp-json\/wp\/v2\/pages\/489\/revisions\/1385"}],"wp:attachment":[{"href":"https:\/\/internewskosova.org\/sq_al\/wp-json\/wp\/v2\/media?parent=489"}],"curies":[{"name":"wp","href":"https:\/\/api.w.org\/{rel}","templated":true}]}}