{"id":974,"date":"2016-01-09T18:31:24","date_gmt":"2016-01-09T18:31:24","guid":{"rendered":"http:\/\/internewskosova.org\/?page_id=67"},"modified":"2020-04-21T09:15:28","modified_gmt":"2020-04-21T09:15:28","slug":"partneret-2","status":"publish","type":"page","link":"https:\/\/internewskosova.org\/sq_al\/partneret-2\/","title":{"rendered":"PARTNER\u00cbT"},"content":{"rendered":"<div class=\"vc_row wpb_row vc_row-fluid\"><div class=\"wpb_column vc_column_container vc_col-sm-12\"><div class=\"vc_column-inner\"><div class=\"wpb_wrapper\">\r\n\t<div class=\"wpb_text_column wpb_content_element\">\r\n\t\t<div class=\"wpb_wrapper\">\r\n\t\t\t<p>Internews Kosova ka arritur t\u00eb zhvilloj\u00eb projekte nga fusha e trajnimit p\u00ebr media dhe prodhimit t\u00eb produkteve mediale fal\u00eb p\u00ebrkrahjes s\u00eb partner\u00ebve t\u00eb ndrysh\u00ebm. Parter\u00ebt aktual\u00eb jan\u00eb:<\/p>\n\r\n\t\t<\/div>\r\n\t<\/div>\r\n<\/div><\/div><\/div><\/div><div class=\"vc_row wpb_row vc_row-fluid\"><div class=\"wpb_column vc_column_container vc_col-sm-6\"><div class=\"vc_column-inner\"><div class=\"wpb_wrapper\"> \r\n\r\n\r\n\r\n  <div class=\"contact col-lg-12 col-md-12 col-sm-12 col-xs-12\">\r\n\r\n    <div class=\"contact-us-page\">\r\n\r\n        <h2>Partner\u00ebt:<\/h2>\r\n\r\n        <p><\/p>\r\n\r\n    <\/div>\r\n\r\n  <\/div>\r\n\r\n\r\n\r\n\r\n\t<div class=\"wpb_text_column wpb_content_element\">\r\n\t\t<div class=\"wpb_wrapper\">\r\n\t\t\t<p>\u2022 SAEK-UNDP<br \/>\n\u2022 National Endowment Democracy NED<br \/>\n\u2022 MAShT &#8211; Ministria e Arsimit, Shkenc\u00ebs dhe Teknologjis\u00eb<br \/>\n\u2022 Kosovo 2.0<br \/>\n\u2022 KCSF Fondacioni Kosovar p\u00ebr Shoq\u00ebri Civile<br \/>\n\u2022 Center for the Study of Democracy and Governance<br \/>\n\u2022 The Balkan Trust for Democracy<\/p>\n\r\n\t\t<\/div>\r\n\t<\/div>\r\n<\/div><\/div><\/div><div class=\"wpb_column vc_column_container vc_col-sm-6\"><div class=\"vc_column-inner\"><div class=\"wpb_wrapper\"> \r\n\r\n\r\n\r\n  <div class=\"contact col-lg-12 col-md-12 col-sm-12 col-xs-12\">\r\n\r\n    <div class=\"contact-us-page\">\r\n\r\n        <h2>Partner\u00eb medial:<\/h2>\r\n\r\n        <p><\/p>\r\n\r\n    <\/div>\r\n\r\n  <\/div>\r\n\r\n\r\n\r\n\r\n\t<div class=\"wpb_text_column wpb_content_element\">\r\n\t\t<div class=\"wpb_wrapper\">\r\n\t\t\t<ul>\n<li>\n<p class=\"m_3525798755133137105gmail-p1\">RTV 21<\/p>\n<\/li>\n<li>\n<p class=\"m_3525798755133137105gmail-p1\">Shkabaj<\/p>\n<\/li>\n<li>\n<p class=\"m_3525798755133137105gmail-p1\">RTK<\/p>\n<\/li>\n<li>\n<p class=\"m_3525798755133137105gmail-p1\">ART Channel<\/p>\n<\/li>\n<\/ul>\n\r\n\t\t<\/div>\r\n\t<\/div>\r\n<\/div><\/div><\/div><\/div>","protected":false},"excerpt":{"rendered":"Internews Kosova ka arritur t\u00eb zhvilloj\u00eb projekte nga fusha e trajnimit p\u00ebr media dhe prodhimit t\u00eb produkteve mediale fal\u00eb p\u00ebrkrahjes s\u00eb partner\u00ebve t\u00eb ndrysh\u00ebm. Parter\u00ebt aktual\u00eb jan\u00eb: Partner\u00ebt: \u2022 SAEK-UNDP \u2022 National Endowment Democracy NED \u2022 MAShT - Ministria e Arsimit, Shkenc\u00ebs dhe Teknologjis\u00eb \u2022 Kosovo 2.0 \u2022 KCSF Fondacioni Kosovar p\u00ebr Shoq\u00ebri Civile \u2022 [...]","protected":false},"author":1,"featured_media":0,"parent":0,"menu_order":0,"comment_status":"closed","ping_status":"closed","template":"","meta":{"_FSMCFIC_featured_image_caption":"","_FSMCFIC_featured_image_nocaption":"","_FSMCFIC_featured_image_hide":"","footnotes":""},"class_list":["post-974","page","type-page","status-publish","hentry"],"yoast_head":"<!-- This site is optimized with the Yoast SEO plugin v24.9 - https:\/\/yoast.com\/wordpress\/plugins\/seo\/ -->\n<title>PARTNER\u00cbT - Internews Kosova<\/title>\n<meta name=\"robots\" content=\"index, follow, max-snippet:-1, max-image-preview:large, max-video-preview:-1\" \/>\n<link rel=\"canonical\" href=\"https:\/\/internewskosova.org\/sq_al\/partneret-2\/\" \/>\n<meta property=\"og:locale\" content=\"sq_AL\" \/>\n<meta property=\"og:type\" content=\"article\" \/>\n<meta property=\"og:title\" content=\"PARTNER\u00cbT - Internews Kosova\" \/>\n<meta property=\"og:url\" content=\"https:\/\/internewskosova.org\/sq_al\/partneret-2\/\" \/>\n<meta property=\"og:site_name\" content=\"Internews Kosova\" \/>\n<meta property=\"article:modified_time\" content=\"2020-04-21T09:15:28+00:00\" \/>\n<meta name=\"twitter:card\" content=\"summary_large_image\" \/>\n<meta name=\"twitter:label1\" content=\"Est. reading time\" \/>\n\t<meta name=\"twitter:data1\" content=\"1 minute\" \/>\n<script type=\"application\/ld+json\" class=\"yoast-schema-graph\">{\"@context\":\"https:\/\/schema.org\",\"@graph\":[{\"@type\":\"WebPage\",\"@id\":\"https:\/\/internewskosova.org\/partneret-2\/\",\"url\":\"https:\/\/internewskosova.org\/partneret-2\/\",\"name\":\"PARTNER\u00cbT - Internews Kosova\",\"isPartOf\":{\"@id\":\"https:\/\/internewskosova.org\/#website\"},\"datePublished\":\"2016-01-09T18:31:24+00:00\",\"dateModified\":\"2020-04-21T09:15:28+00:00\",\"breadcrumb\":{\"@id\":\"https:\/\/internewskosova.org\/partneret-2\/#breadcrumb\"},\"inLanguage\":\"sq-AL\",\"potentialAction\":[{\"@type\":\"ReadAction\",\"target\":[\"https:\/\/internewskosova.org\/partneret-2\/\"]}]},{\"@type\":\"BreadcrumbList\",\"@id\":\"https:\/\/internewskosova.org\/partneret-2\/#breadcrumb\",\"itemListElement\":[{\"@type\":\"ListItem\",\"position\":1,\"name\":\"Home\",\"item\":\"https:\/\/internewskosova.org\/\"},{\"@type\":\"ListItem\",\"position\":2,\"name\":\"PARTNER\u00cbT\"}]},{\"@type\":\"WebSite\",\"@id\":\"https:\/\/internewskosova.org\/#website\",\"url\":\"https:\/\/internewskosova.org\/\",\"name\":\"Internews Kosova\",\"description\":\"\",\"potentialAction\":[{\"@type\":\"SearchAction\",\"target\":{\"@type\":\"EntryPoint\",\"urlTemplate\":\"https:\/\/internewskosova.org\/?s={search_term_string}\"},\"query-input\":{\"@type\":\"PropertyValueSpecification\",\"valueRequired\":true,\"valueName\":\"search_term_string\"}}],\"inLanguage\":\"sq-AL\"}]}<\/script>\n<!-- \/ Yoast SEO plugin. -->","yoast_head_json":{"title":"PARTNER\u00cbT - Internews Kosova","robots":{"index":"index","follow":"follow","max-snippet":"max-snippet:-1","max-image-preview":"max-image-preview:large","max-video-preview":"max-video-preview:-1"},"canonical":"https:\/\/internewskosova.org\/sq_al\/partneret-2\/","og_locale":"sq_AL","og_type":"article","og_title":"PARTNER\u00cbT - Internews Kosova","og_url":"https:\/\/internewskosova.org\/sq_al\/partneret-2\/","og_site_name":"Internews Kosova","article_modified_time":"2020-04-21T09:15:28+00:00","twitter_card":"summary_large_image","twitter_misc":{"Est. reading time":"1 minute"},"schema":{"@context":"https:\/\/schema.org","@graph":[{"@type":"WebPage","@id":"https:\/\/internewskosova.org\/partneret-2\/","url":"https:\/\/internewskosova.org\/partneret-2\/","name":"PARTNER\u00cbT - Internews Kosova","isPartOf":{"@id":"https:\/\/internewskosova.org\/#website"},"datePublished":"2016-01-09T18:31:24+00:00","dateModified":"2020-04-21T09:15:28+00:00","breadcrumb":{"@id":"https:\/\/internewskosova.org\/partneret-2\/#breadcrumb"},"inLanguage":"sq-AL","potentialAction":[{"@type":"ReadAction","target":["https:\/\/internewskosova.org\/partneret-2\/"]}]},{"@type":"BreadcrumbList","@id":"https:\/\/internewskosova.org\/partneret-2\/#breadcrumb","itemListElement":[{"@type":"ListItem","position":1,"name":"Home","item":"https:\/\/internewskosova.org\/"},{"@type":"ListItem","position":2,"name":"PARTNER\u00cbT"}]},{"@type":"WebSite","@id":"https:\/\/internewskosova.org\/#website","url":"https:\/\/internewskosova.org\/","name":"Internews Kosova","description":"","potentialAction":[{"@type":"SearchAction","target":{"@type":"EntryPoint","urlTemplate":"https:\/\/internewskosova.org\/?s={search_term_string}"},"query-input":{"@type":"PropertyValueSpecification","valueRequired":true,"valueName":"search_term_string"}}],"inLanguage":"sq-AL"}]}},"_links":{"self":[{"href":"https:\/\/internewskosova.org\/sq_al\/wp-json\/wp\/v2\/pages\/974","targetHints":{"allow":["GET"]}}],"collection":[{"href":"https:\/\/internewskosova.org\/sq_al\/wp-json\/wp\/v2\/pages"}],"about":[{"href":"https:\/\/internewskosova.org\/sq_al\/wp-json\/wp\/v2\/types\/page"}],"author":[{"embeddable":true,"href":"https:\/\/internewskosova.org\/sq_al\/wp-json\/wp\/v2\/users\/1"}],"replies":[{"embeddable":true,"href":"https:\/\/internewskosova.org\/sq_al\/wp-json\/wp\/v2\/comments?post=974"}],"version-history":[{"count":4,"href":"https:\/\/internewskosova.org\/sq_al\/wp-json\/wp\/v2\/pages\/974\/revisions"}],"predecessor-version":[{"id":2013,"href":"https:\/\/internewskosova.org\/sq_al\/wp-json\/wp\/v2\/pages\/974\/revisions\/2013"}],"wp:attachment":[{"href":"https:\/\/internewskosova.org\/sq_al\/wp-json\/wp\/v2\/media?parent=974"}],"curies":[{"name":"wp","href":"https:\/\/api.w.org\/{rel}","templated":true}]}}