{"id":976,"date":"2016-01-09T18:33:42","date_gmt":"2016-01-09T18:33:42","guid":{"rendered":"http:\/\/internewskosova.org\/?page_id=72"},"modified":"2016-01-09T18:33:42","modified_gmt":"2016-01-09T18:33:42","slug":"menaxhment","status":"publish","type":"page","link":"https:\/\/internewskosova.org\/sq_al\/menaxhment\/","title":{"rendered":"Menaxhment"},"content":{"rendered":"<p>&nbsp;<\/p>\n<p><img loading=\"lazy\" decoding=\"async\" class=\"wp-image-839 size-full\" src=\"http:\/\/internewskosova.org\/wp-content\/uploads\/2016\/01\/BIRN_Working_044.jpg\" alt=\"\" width=\"4256\" height=\"2832\" \/><\/p>\n<p class=\"short-text\"><strong>N\u00eb drejtim t\u00eb perpjekjeve p\u00ebr mb\u00ebshtetje dhe vet q\u00ebndrueshm\u00ebris\u00eb s\u00eb radio stacioneve kosovare, Internews Kosova ka organizuar nj\u00eb seri t\u00eb trajnimeve p\u00ebr media menaxhment. Ne kemi ftuar trajner\u00eb nd\u00ebrkomb\u00ebtar, t\u00eb cil\u00ebt p\u00ebrmes trajnimeve n\u00eb vijim, tek kosovar\u00ebt kan\u00eb sjell\u00eb aft\u00ebsi t\u00eb ndryshme p\u00ebr menaxhimin e mediave :<\/strong><\/p>\n<div class=\"full-text\">\n<p><strong>Managjementi dhe Financat n\u00eb Radio Stacion<\/strong><br \/>\nNj\u00eb trajner nd\u00ebrkomb\u00ebtar me p\u00ebrvoj\u00eb nga Kanada qe i ftuar p\u00ebr nj\u00eb trajnim t\u00eb till\u00eb. Pes\u00eb Radio Stacione kosovare jan\u00eb trajnuar p\u00ebr aft\u00ebsit\u00eb themelore n\u00eb menaxhment, me p\u00ebrkushtim t\u00eb vecant\u00eb n\u00eb fsheht\u00ebsit\u00eb e menaxhimit t\u00eb Radio stacioneve.<\/p>\n<p><strong>P\u00ebrkrahja Menaxheriale e Rolit t\u00eb Sh\u00ebrbimit Publik<\/strong><br \/>\nDuke pasur n\u00eb mendje ngjashm\u00ebrit\u00eb me mediat nga Bosnia, Internews Kosova ka ftuar nj\u00eb trajner nga Bosnia p\u00ebr t\u00eb sjell\u00eb p\u00ebrvoj\u00ebn e mediave t\u00eb Bosni\u00ebs drejt\u00eb rolit t\u00eb tyre si Sh\u00ebrbim Publik. N\u00eb k\u00ebt\u00eb tem\u00eb r\u00ebnd\u00ebsi e ve\u00e7ant\u00eb i \u00ebsht\u00eb kushtuar zhvillimit t\u00eb vet q\u00ebndrueshm\u00ebris\u00eb t\u00eb bazuar n\u00eb marketing, me q\u00ebllim t\u00eb p\u00ebrkrahj\u00ebs s\u00eb rolit publik. U trajnuan pes\u00eb radio stacione.<\/p>\n<p><strong>Fillet e Menaxhmentit p\u00ebr Radiot Komerciale<\/strong><br \/>\n\u00cbsht\u00eb nj\u00eb p\u00ebrvoj\u00eb e p\u00ebrbashk\u00ebt e radio stacioneve kosovare n\u00eb zhvillimin e programit t\u00eb bazuar n\u00eb ndjenj\u00ebn e lir\u00eb p\u00ebr audienc\u00ebn e mundshme.<br \/>\nNe kemi ftuar nj\u00eb trajner i cili p\u00ebr pes\u00eb dit\u00eb t\u00eb trajnimit n\u00eb radio stacione, shpjegoi m\u00ebnyrat perendimore p\u00ebr nd\u00ebrtimin dhe struktur\u00ebn e skem\u00ebs s\u00eb programit t\u00eb nj\u00eb radio stacioni komercial.<br \/>\nFillimin e nd\u00ebrtimit t\u00eb skem\u00ebs p\u00ebr radio program t\u00eb bazuar n\u00eb hulumtimin e tregut, u spjegua me sukses dhe u pranua mir\u00eb nga radio stacionet pjes\u00ebmarr\u00ebse.<\/p>\n<p><strong>T\u00eb Ardhurat Alternative t\u00eb Radio Stacioneve<\/strong><br \/>\nDuhet pasur parasysh se t\u00eb ardhurat e radio stacioneve lokle n\u00eb per\u00ebndim nga shitja e hapsir\u00ebs s\u00eb tyre programore arrijn\u00eb vet\u00ebm deri n\u00eb 70%, t\u00eb ardhurat tjera vjetore vijn\u00eb nga aktivitetet profitabile si: organizimi i koncerteve dhe ngjarjeve tjera publike, nd\u00ebrtimi i imazhit t\u00eb qytetit p\u00ebrmes radios, shitja e fanellave, kapelave t\u00eb bejsbollit, shallave, etj.<\/p>\n<\/div>","protected":false},"excerpt":{"rendered":"<p>&nbsp; N\u00eb drejtim t\u00eb perpjekjeve p\u00ebr mb\u00ebshtetje dhe vet q\u00ebndrueshm\u00ebris\u00eb s\u00eb radio stacioneve kosovare, Internews Kosova ka organizuar nj\u00eb seri t\u00eb trajnimeve p\u00ebr media menaxhment. Ne kemi ftuar trajner\u00eb nd\u00ebrkomb\u00ebtar, t\u00eb cil\u00ebt p\u00ebrmes trajnimeve n\u00eb vijim, tek kosovar\u00ebt kan\u00eb sjell\u00eb aft\u00ebsi t\u00eb ndryshme p\u00ebr menaxhimin e mediave : Managjementi dhe Financat n\u00eb Radio Stacion Nj\u00eb [&hellip;]<\/p>","protected":false},"author":1,"featured_media":0,"parent":0,"menu_order":0,"comment_status":"closed","ping_status":"closed","template":"","meta":{"_FSMCFIC_featured_image_caption":"","_FSMCFIC_featured_image_nocaption":"","_FSMCFIC_featured_image_hide":"","footnotes":""},"class_list":["post-976","page","type-page","status-publish","hentry"],"yoast_head":"<!-- This site is optimized with the Yoast SEO plugin v24.9 - https:\/\/yoast.com\/wordpress\/plugins\/seo\/ -->\n<title>Menaxhment - Internews Kosova<\/title>\n<meta name=\"robots\" content=\"index, follow, max-snippet:-1, max-image-preview:large, max-video-preview:-1\" \/>\n<link rel=\"canonical\" href=\"https:\/\/internewskosova.org\/sq_al\/menaxhment\/\" \/>\n<meta property=\"og:locale\" content=\"sq_AL\" \/>\n<meta property=\"og:type\" content=\"article\" \/>\n<meta property=\"og:title\" content=\"Menaxhment - Internews Kosova\" \/>\n<meta property=\"og:description\" content=\"&nbsp; N\u00eb drejtim t\u00eb perpjekjeve p\u00ebr mb\u00ebshtetje dhe vet q\u00ebndrueshm\u00ebris\u00eb s\u00eb radio stacioneve kosovare, Internews Kosova ka organizuar nj\u00eb seri t\u00eb trajnimeve p\u00ebr media menaxhment. Ne kemi ftuar trajner\u00eb nd\u00ebrkomb\u00ebtar, t\u00eb cil\u00ebt p\u00ebrmes trajnimeve n\u00eb vijim, tek kosovar\u00ebt kan\u00eb sjell\u00eb aft\u00ebsi t\u00eb ndryshme p\u00ebr menaxhimin e mediave : Managjementi dhe Financat n\u00eb Radio Stacion Nj\u00eb [&hellip;]\" \/>\n<meta property=\"og:url\" content=\"https:\/\/internewskosova.org\/sq_al\/menaxhment\/\" \/>\n<meta property=\"og:site_name\" content=\"Internews Kosova\" \/>\n<meta property=\"og:image\" content=\"http:\/\/internewskosova.org\/wp-content\/uploads\/2016\/01\/BIRN_Working_044.jpg\" \/>\n<meta name=\"twitter:card\" content=\"summary_large_image\" \/>\n<meta name=\"twitter:label1\" content=\"Est. reading time\" \/>\n\t<meta name=\"twitter:data1\" content=\"2 minutes\" \/>\n<script type=\"application\/ld+json\" class=\"yoast-schema-graph\">{\"@context\":\"https:\/\/schema.org\",\"@graph\":[{\"@type\":\"WebPage\",\"@id\":\"https:\/\/internewskosova.org\/menaxhment\/\",\"url\":\"https:\/\/internewskosova.org\/menaxhment\/\",\"name\":\"Menaxhment - Internews Kosova\",\"isPartOf\":{\"@id\":\"https:\/\/internewskosova.org\/#website\"},\"primaryImageOfPage\":{\"@id\":\"https:\/\/internewskosova.org\/menaxhment\/#primaryimage\"},\"image\":{\"@id\":\"https:\/\/internewskosova.org\/menaxhment\/#primaryimage\"},\"thumbnailUrl\":\"http:\/\/internewskosova.org\/wp-content\/uploads\/2016\/01\/BIRN_Working_044.jpg\",\"datePublished\":\"2016-01-09T18:33:42+00:00\",\"breadcrumb\":{\"@id\":\"https:\/\/internewskosova.org\/menaxhment\/#breadcrumb\"},\"inLanguage\":\"sq-AL\",\"potentialAction\":[{\"@type\":\"ReadAction\",\"target\":[\"https:\/\/internewskosova.org\/menaxhment\/\"]}]},{\"@type\":\"ImageObject\",\"inLanguage\":\"sq-AL\",\"@id\":\"https:\/\/internewskosova.org\/menaxhment\/#primaryimage\",\"url\":\"http:\/\/internewskosova.org\/wp-content\/uploads\/2016\/01\/BIRN_Working_044.jpg\",\"contentUrl\":\"http:\/\/internewskosova.org\/wp-content\/uploads\/2016\/01\/BIRN_Working_044.jpg\"},{\"@type\":\"BreadcrumbList\",\"@id\":\"https:\/\/internewskosova.org\/menaxhment\/#breadcrumb\",\"itemListElement\":[{\"@type\":\"ListItem\",\"position\":1,\"name\":\"Home\",\"item\":\"https:\/\/internewskosova.org\/\"},{\"@type\":\"ListItem\",\"position\":2,\"name\":\"Menaxhment\"}]},{\"@type\":\"WebSite\",\"@id\":\"https:\/\/internewskosova.org\/#website\",\"url\":\"https:\/\/internewskosova.org\/\",\"name\":\"Internews Kosova\",\"description\":\"\",\"potentialAction\":[{\"@type\":\"SearchAction\",\"target\":{\"@type\":\"EntryPoint\",\"urlTemplate\":\"https:\/\/internewskosova.org\/?s={search_term_string}\"},\"query-input\":{\"@type\":\"PropertyValueSpecification\",\"valueRequired\":true,\"valueName\":\"search_term_string\"}}],\"inLanguage\":\"sq-AL\"}]}<\/script>\n<!-- \/ Yoast SEO plugin. -->","yoast_head_json":{"title":"Menaxhment - Internews Kosova","robots":{"index":"index","follow":"follow","max-snippet":"max-snippet:-1","max-image-preview":"max-image-preview:large","max-video-preview":"max-video-preview:-1"},"canonical":"https:\/\/internewskosova.org\/sq_al\/menaxhment\/","og_locale":"sq_AL","og_type":"article","og_title":"Menaxhment - Internews Kosova","og_description":"&nbsp; N\u00eb drejtim t\u00eb perpjekjeve p\u00ebr mb\u00ebshtetje dhe vet q\u00ebndrueshm\u00ebris\u00eb s\u00eb radio stacioneve kosovare, Internews Kosova ka organizuar nj\u00eb seri t\u00eb trajnimeve p\u00ebr media menaxhment. Ne kemi ftuar trajner\u00eb nd\u00ebrkomb\u00ebtar, t\u00eb cil\u00ebt p\u00ebrmes trajnimeve n\u00eb vijim, tek kosovar\u00ebt kan\u00eb sjell\u00eb aft\u00ebsi t\u00eb ndryshme p\u00ebr menaxhimin e mediave : Managjementi dhe Financat n\u00eb Radio Stacion Nj\u00eb [&hellip;]","og_url":"https:\/\/internewskosova.org\/sq_al\/menaxhment\/","og_site_name":"Internews Kosova","og_image":[{"url":"http:\/\/internewskosova.org\/wp-content\/uploads\/2016\/01\/BIRN_Working_044.jpg","type":"","width":"","height":""}],"twitter_card":"summary_large_image","twitter_misc":{"Est. reading time":"2 minutes"},"schema":{"@context":"https:\/\/schema.org","@graph":[{"@type":"WebPage","@id":"https:\/\/internewskosova.org\/menaxhment\/","url":"https:\/\/internewskosova.org\/menaxhment\/","name":"Menaxhment - Internews Kosova","isPartOf":{"@id":"https:\/\/internewskosova.org\/#website"},"primaryImageOfPage":{"@id":"https:\/\/internewskosova.org\/menaxhment\/#primaryimage"},"image":{"@id":"https:\/\/internewskosova.org\/menaxhment\/#primaryimage"},"thumbnailUrl":"http:\/\/internewskosova.org\/wp-content\/uploads\/2016\/01\/BIRN_Working_044.jpg","datePublished":"2016-01-09T18:33:42+00:00","breadcrumb":{"@id":"https:\/\/internewskosova.org\/menaxhment\/#breadcrumb"},"inLanguage":"sq-AL","potentialAction":[{"@type":"ReadAction","target":["https:\/\/internewskosova.org\/menaxhment\/"]}]},{"@type":"ImageObject","inLanguage":"sq-AL","@id":"https:\/\/internewskosova.org\/menaxhment\/#primaryimage","url":"http:\/\/internewskosova.org\/wp-content\/uploads\/2016\/01\/BIRN_Working_044.jpg","contentUrl":"http:\/\/internewskosova.org\/wp-content\/uploads\/2016\/01\/BIRN_Working_044.jpg"},{"@type":"BreadcrumbList","@id":"https:\/\/internewskosova.org\/menaxhment\/#breadcrumb","itemListElement":[{"@type":"ListItem","position":1,"name":"Home","item":"https:\/\/internewskosova.org\/"},{"@type":"ListItem","position":2,"name":"Menaxhment"}]},{"@type":"WebSite","@id":"https:\/\/internewskosova.org\/#website","url":"https:\/\/internewskosova.org\/","name":"Internews Kosova","description":"","potentialAction":[{"@type":"SearchAction","target":{"@type":"EntryPoint","urlTemplate":"https:\/\/internewskosova.org\/?s={search_term_string}"},"query-input":{"@type":"PropertyValueSpecification","valueRequired":true,"valueName":"search_term_string"}}],"inLanguage":"sq-AL"}]}},"_links":{"self":[{"href":"https:\/\/internewskosova.org\/sq_al\/wp-json\/wp\/v2\/pages\/976","targetHints":{"allow":["GET"]}}],"collection":[{"href":"https:\/\/internewskosova.org\/sq_al\/wp-json\/wp\/v2\/pages"}],"about":[{"href":"https:\/\/internewskosova.org\/sq_al\/wp-json\/wp\/v2\/types\/page"}],"author":[{"embeddable":true,"href":"https:\/\/internewskosova.org\/sq_al\/wp-json\/wp\/v2\/users\/1"}],"replies":[{"embeddable":true,"href":"https:\/\/internewskosova.org\/sq_al\/wp-json\/wp\/v2\/comments?post=976"}],"version-history":[{"count":0,"href":"https:\/\/internewskosova.org\/sq_al\/wp-json\/wp\/v2\/pages\/976\/revisions"}],"wp:attachment":[{"href":"https:\/\/internewskosova.org\/sq_al\/wp-json\/wp\/v2\/media?parent=976"}],"curies":[{"name":"wp","href":"https:\/\/api.w.org\/{rel}","templated":true}]}}