{"id":977,"date":"2016-01-09T18:34:50","date_gmt":"2016-01-09T18:34:50","guid":{"rendered":"http:\/\/internewskosova.org\/?page_id=74"},"modified":"2018-01-23T15:14:21","modified_gmt":"2018-01-23T15:14:21","slug":"gazetari","status":"publish","type":"page","link":"https:\/\/internewskosova.org\/sq_al\/gazetari\/","title":{"rendered":"Gazetari"},"content":{"rendered":"<p>&nbsp;<\/p>\n<p><img loading=\"lazy\" decoding=\"async\" class=\"wp-image-841 size-full\" src=\"http:\/\/internewskosova.org\/wp-content\/uploads\/2016\/01\/11174428_1117230704958913_2317529867817656119_o.jpg\" alt=\"\" width=\"2048\" height=\"1367\" srcset=\"https:\/\/internewskosova.org\/wp-content\/uploads\/2016\/01\/11174428_1117230704958913_2317529867817656119_o.jpg 2048w, https:\/\/internewskosova.org\/wp-content\/uploads\/2016\/01\/11174428_1117230704958913_2317529867817656119_o-600x400.jpg 600w, https:\/\/internewskosova.org\/wp-content\/uploads\/2016\/01\/11174428_1117230704958913_2317529867817656119_o-300x200.jpg 300w, https:\/\/internewskosova.org\/wp-content\/uploads\/2016\/01\/11174428_1117230704958913_2317529867817656119_o-768x513.jpg 768w, https:\/\/internewskosova.org\/wp-content\/uploads\/2016\/01\/11174428_1117230704958913_2317529867817656119_o-1024x684.jpg 1024w\" sizes=\"auto, (max-width: 2048px) 100vw, 2048px\" \/><\/p>\n<p class=\"short-text\"><strong>Ne poashtu kemi organizuar nj\u00eb seri t\u00eb trajnimeve n\u00eb gazetari profesionale. Q\u00ebllimi yn\u00eb \u00ebsht\u00eb rritja e nivelit t\u00eb gazetaris\u00eb profesionale dhe shpirtit hulumtues n\u00eb mesin e gazetar\u00ebve kosovar.<\/strong><\/p>\n<div class=\"full-text\">\n<p><strong>Fillet e Gazetaris\u00eb &#8211; Aft\u00ebsit\u00eb e Edukimit Publik<\/strong><\/p>\n<p>Nj\u00eb trajner nga Fakulteti i gazetaris\u00eb n\u00eb Bosnie \u00ebsht\u00eb ftuar q\u00eb t&#8217;i mbaj\u00eb pes\u00eb dit\u00eb trajnim n\u00eb l\u00ebmin &#8220;Roli i edukimit publik dhe rrug\u00ebt e gazetaris\u00eb&#8221;. Ne k\u00ebt\u00eb trajnim e kemi par\u00eb si shum\u00eb t\u00eb nevojsh\u00ebm meq\u00eb paraqet fillimin e shk\u00ebmbimit t\u00eb p\u00ebrvojave n\u00eb mes t\u00eb kosovar\u00ebve dhe gazetar\u00ebve t\u00eb Bosnj\u00ebs.<\/p>\n<p><strong>Dikcion dhe artikulim<\/strong><\/p>\n<p>Nj\u00eb prej faktor\u00ebve m\u00eb t\u00eb r\u00ebnd\u00ebsish\u00ebm n\u00eb radio gazetari \u00ebsht\u00eb shqiptimi i drejt\u00eb. Ky \u00ebsht\u00eb q\u00ebllimi i trajnimeve tona n\u00eb dikcion dhe artikulacim. Trajnimi \u00ebsht\u00eb mbajtur nga nj\u00eb aktor i famsh\u00ebm kosovar dhe ekspert n\u00eb k\u00ebt\u00eb l\u00ebmi.<\/p>\n<p><strong>On-Line Gazetaria<\/strong><\/p>\n<p>Nj\u00eb prej formave m\u00eb t\u00eb reja n\u00eb gazetari \u00ebsht\u00eb On-Line gazetaria.<\/p>\n<p>Kjo form\u00eb k\u00ebrkon njohuri t\u00eb gjera n\u00eb kompjutor e posaq\u00ebrisht n\u00eb struktur\u00ebn e Internetit. Forma t\u00eb ndryshme t\u00eb gjetjes s\u00eb informacioneve n\u00eb bot\u00ebn e gjer\u00eb t\u00eb webit dhe mund\u00ebsit\u00eb e dallimit t\u00eb burimeve t\u00eb sigurta nga t\u00eb tjerat ishin tema t\u00eb trajnimit.<\/p>\n<p>Qysh nga koha kur Interneti pak a shum\u00eb u b\u00eb nj\u00eb gj\u00eb e re n\u00eb Kosov\u00eb, ky trajnim nga nj\u00eb num\u00ebr i madh i gazetar\u00ebve \u00ebsht\u00eb p\u00ebrcjellur me interesim t\u00eb lart\u00eb.<\/p>\n<p><strong>Radio Raportimi Direkt i Ngjarjeve<\/strong><\/p>\n<p>Nj\u00eb prej aspekteve m\u00eb t\u00eb r\u00ebnd\u00ebsishme n\u00eb radio gazetari \u00ebsht\u00eb teknika e raportimit &#8220;t\u00eb gjall\u00eb&#8221;. T\u00eb raportuarit &#8220;gjall\u00eb&#8221; nga konferenca p\u00ebr media, ndodhit\u00eb sportive, apo raportim i gjall\u00eb p\u00ebr ndonj\u00eb rast nga vendi i ngjarjes, gjithmon\u00eb k\u00ebrkon aft\u00ebsi specifike gazetareske dhe teknike. T\u00eb qenurit gjak\u00ebftoht\u00eb, i sigurt\u00eb dhe mos publikimi i tregimeve jo t\u00eb konfirmuara, ishin tema t\u00eb k\u00ebtij trajnimi.<\/p>\n<p><strong>One-Man-Band Radio Trajnimi<\/strong><\/p>\n<p>Ky \u00ebsht\u00eb nj\u00eb prej trajnimeve m\u00eb t\u00eb k\u00ebrkuara t\u00eb Internews Kosov\u00ebs. Ky trajnim siguron aft\u00ebsi t\u00eb domosdoshme p\u00ebr radio gazetar\u00ebt n\u00eb realizimin e plot\u00eb t\u00eb emisioneve t\u00eb tyre n\u00eb m\u00ebnyr\u00eb t\u00eb pavarur.<\/p>\n<p>Edhe pse duket pak sa e komplikuar, \u00ebsht\u00eb e mundur &#8211; dhe ne e kemi b\u00ebr\u00eb k\u00ebt\u00eb. P\u00ebrveq ngritjes s\u00eb cil\u00ebsis\u00eb s\u00eb emisionit, kjo m\u00ebnyr\u00eb e pun\u00ebs zvoglon shum\u00eb \u00e7mimin e produkcionit.<\/p>\n<p><strong>Raportimi mbi paq\u00ebn<\/strong><\/p>\n<p>Dy sesione me nga n\u00ebnt\u00eb dit\u00eb soll\u00ebn trajnim t\u00eb specializuar p\u00ebr raportimin e konfliktit dhe rolin t\u00eb cilin mund ta luajn\u00eb mediat sa i p\u00ebrket &#8220;uljes s\u00eb temperatur\u00ebs&#8221; dhe promovimit t\u00eb zgjidhjeve t\u00eb orientuara drejt dialogut brenda bashk\u00ebsis\u00eb. P\u00ebr nj\u00eb \u00e7asje t\u00eb k\u00ebtill\u00eb nevoiten standarde t\u00eb larta gazetareske lidhur me at\u00eb se \u00e7ka \u00ebsht\u00eb lajm. Ky trajnim n\u00eb ve\u00e7anti \u00ebsht\u00eb i disejnuar nga Internews.<\/p>\n<\/div>","protected":false},"excerpt":{"rendered":"<p>&nbsp; Ne poashtu kemi organizuar nj\u00eb seri t\u00eb trajnimeve n\u00eb gazetari profesionale. Q\u00ebllimi yn\u00eb \u00ebsht\u00eb rritja e nivelit t\u00eb gazetaris\u00eb profesionale dhe shpirtit hulumtues n\u00eb mesin e gazetar\u00ebve kosovar. Fillet e Gazetaris\u00eb &#8211; Aft\u00ebsit\u00eb e Edukimit Publik Nj\u00eb trajner nga Fakulteti i gazetaris\u00eb n\u00eb Bosnie \u00ebsht\u00eb ftuar q\u00eb t&#8217;i mbaj\u00eb pes\u00eb dit\u00eb trajnim n\u00eb l\u00ebmin [&hellip;]<\/p>","protected":false},"author":1,"featured_media":287,"parent":0,"menu_order":0,"comment_status":"closed","ping_status":"closed","template":"","meta":{"_FSMCFIC_featured_image_caption":"","_FSMCFIC_featured_image_nocaption":"","_FSMCFIC_featured_image_hide":"","footnotes":""},"class_list":["post-977","page","type-page","status-publish","has-post-thumbnail","hentry"],"yoast_head":"<!-- This site is optimized with the Yoast SEO plugin v24.9 - https:\/\/yoast.com\/wordpress\/plugins\/seo\/ -->\n<title>Gazetari - Internews Kosova<\/title>\n<meta name=\"robots\" content=\"index, follow, max-snippet:-1, max-image-preview:large, max-video-preview:-1\" \/>\n<link rel=\"canonical\" href=\"https:\/\/internewskosova.org\/sq_al\/gazetari\/\" \/>\n<meta property=\"og:locale\" content=\"sq_AL\" \/>\n<meta property=\"og:type\" content=\"article\" \/>\n<meta property=\"og:title\" content=\"Gazetari - Internews Kosova\" \/>\n<meta property=\"og:description\" content=\"&nbsp; Ne poashtu kemi organizuar nj\u00eb seri t\u00eb trajnimeve n\u00eb gazetari profesionale. Q\u00ebllimi yn\u00eb \u00ebsht\u00eb rritja e nivelit t\u00eb gazetaris\u00eb profesionale dhe shpirtit hulumtues n\u00eb mesin e gazetar\u00ebve kosovar. Fillet e Gazetaris\u00eb &#8211; Aft\u00ebsit\u00eb e Edukimit Publik Nj\u00eb trajner nga Fakulteti i gazetaris\u00eb n\u00eb Bosnie \u00ebsht\u00eb ftuar q\u00eb t&#8217;i mbaj\u00eb pes\u00eb dit\u00eb trajnim n\u00eb l\u00ebmin [&hellip;]\" \/>\n<meta property=\"og:url\" content=\"https:\/\/internewskosova.org\/sq_al\/gazetari\/\" \/>\n<meta property=\"og:site_name\" content=\"Internews Kosova\" \/>\n<meta property=\"article:modified_time\" content=\"2018-01-23T15:14:21+00:00\" \/>\n<meta property=\"og:image\" content=\"https:\/\/internewskosova.org\/wp-content\/uploads\/2017\/04\/4.jpg\" \/>\n\t<meta property=\"og:image:width\" content=\"367\" \/>\n\t<meta property=\"og:image:height\" content=\"296\" \/>\n\t<meta property=\"og:image:type\" content=\"image\/jpeg\" \/>\n<meta name=\"twitter:card\" content=\"summary_large_image\" \/>\n<meta name=\"twitter:label1\" content=\"Est. reading time\" \/>\n\t<meta name=\"twitter:data1\" content=\"2 minutes\" \/>\n<script type=\"application\/ld+json\" class=\"yoast-schema-graph\">{\"@context\":\"https:\/\/schema.org\",\"@graph\":[{\"@type\":\"WebPage\",\"@id\":\"https:\/\/internewskosova.org\/gazetari\/\",\"url\":\"https:\/\/internewskosova.org\/gazetari\/\",\"name\":\"Gazetari - Internews Kosova\",\"isPartOf\":{\"@id\":\"https:\/\/internewskosova.org\/#website\"},\"primaryImageOfPage\":{\"@id\":\"https:\/\/internewskosova.org\/gazetari\/#primaryimage\"},\"image\":{\"@id\":\"https:\/\/internewskosova.org\/gazetari\/#primaryimage\"},\"thumbnailUrl\":\"https:\/\/internewskosova.org\/wp-content\/uploads\/2017\/04\/4.jpg\",\"datePublished\":\"2016-01-09T18:34:50+00:00\",\"dateModified\":\"2018-01-23T15:14:21+00:00\",\"breadcrumb\":{\"@id\":\"https:\/\/internewskosova.org\/gazetari\/#breadcrumb\"},\"inLanguage\":\"sq-AL\",\"potentialAction\":[{\"@type\":\"ReadAction\",\"target\":[\"https:\/\/internewskosova.org\/gazetari\/\"]}]},{\"@type\":\"ImageObject\",\"inLanguage\":\"sq-AL\",\"@id\":\"https:\/\/internewskosova.org\/gazetari\/#primaryimage\",\"url\":\"https:\/\/internewskosova.org\/wp-content\/uploads\/2017\/04\/4.jpg\",\"contentUrl\":\"https:\/\/internewskosova.org\/wp-content\/uploads\/2017\/04\/4.jpg\",\"width\":367,\"height\":296},{\"@type\":\"BreadcrumbList\",\"@id\":\"https:\/\/internewskosova.org\/gazetari\/#breadcrumb\",\"itemListElement\":[{\"@type\":\"ListItem\",\"position\":1,\"name\":\"Home\",\"item\":\"https:\/\/internewskosova.org\/\"},{\"@type\":\"ListItem\",\"position\":2,\"name\":\"Gazetari\"}]},{\"@type\":\"WebSite\",\"@id\":\"https:\/\/internewskosova.org\/#website\",\"url\":\"https:\/\/internewskosova.org\/\",\"name\":\"Internews Kosova\",\"description\":\"\",\"potentialAction\":[{\"@type\":\"SearchAction\",\"target\":{\"@type\":\"EntryPoint\",\"urlTemplate\":\"https:\/\/internewskosova.org\/?s={search_term_string}\"},\"query-input\":{\"@type\":\"PropertyValueSpecification\",\"valueRequired\":true,\"valueName\":\"search_term_string\"}}],\"inLanguage\":\"sq-AL\"}]}<\/script>\n<!-- \/ Yoast SEO plugin. -->","yoast_head_json":{"title":"Gazetari - Internews Kosova","robots":{"index":"index","follow":"follow","max-snippet":"max-snippet:-1","max-image-preview":"max-image-preview:large","max-video-preview":"max-video-preview:-1"},"canonical":"https:\/\/internewskosova.org\/sq_al\/gazetari\/","og_locale":"sq_AL","og_type":"article","og_title":"Gazetari - Internews Kosova","og_description":"&nbsp; Ne poashtu kemi organizuar nj\u00eb seri t\u00eb trajnimeve n\u00eb gazetari profesionale. Q\u00ebllimi yn\u00eb \u00ebsht\u00eb rritja e nivelit t\u00eb gazetaris\u00eb profesionale dhe shpirtit hulumtues n\u00eb mesin e gazetar\u00ebve kosovar. Fillet e Gazetaris\u00eb &#8211; Aft\u00ebsit\u00eb e Edukimit Publik Nj\u00eb trajner nga Fakulteti i gazetaris\u00eb n\u00eb Bosnie \u00ebsht\u00eb ftuar q\u00eb t&#8217;i mbaj\u00eb pes\u00eb dit\u00eb trajnim n\u00eb l\u00ebmin [&hellip;]","og_url":"https:\/\/internewskosova.org\/sq_al\/gazetari\/","og_site_name":"Internews Kosova","article_modified_time":"2018-01-23T15:14:21+00:00","og_image":[{"width":367,"height":296,"url":"https:\/\/internewskosova.org\/wp-content\/uploads\/2017\/04\/4.jpg","type":"image\/jpeg"}],"twitter_card":"summary_large_image","twitter_misc":{"Est. reading time":"2 minutes"},"schema":{"@context":"https:\/\/schema.org","@graph":[{"@type":"WebPage","@id":"https:\/\/internewskosova.org\/gazetari\/","url":"https:\/\/internewskosova.org\/gazetari\/","name":"Gazetari - Internews Kosova","isPartOf":{"@id":"https:\/\/internewskosova.org\/#website"},"primaryImageOfPage":{"@id":"https:\/\/internewskosova.org\/gazetari\/#primaryimage"},"image":{"@id":"https:\/\/internewskosova.org\/gazetari\/#primaryimage"},"thumbnailUrl":"https:\/\/internewskosova.org\/wp-content\/uploads\/2017\/04\/4.jpg","datePublished":"2016-01-09T18:34:50+00:00","dateModified":"2018-01-23T15:14:21+00:00","breadcrumb":{"@id":"https:\/\/internewskosova.org\/gazetari\/#breadcrumb"},"inLanguage":"sq-AL","potentialAction":[{"@type":"ReadAction","target":["https:\/\/internewskosova.org\/gazetari\/"]}]},{"@type":"ImageObject","inLanguage":"sq-AL","@id":"https:\/\/internewskosova.org\/gazetari\/#primaryimage","url":"https:\/\/internewskosova.org\/wp-content\/uploads\/2017\/04\/4.jpg","contentUrl":"https:\/\/internewskosova.org\/wp-content\/uploads\/2017\/04\/4.jpg","width":367,"height":296},{"@type":"BreadcrumbList","@id":"https:\/\/internewskosova.org\/gazetari\/#breadcrumb","itemListElement":[{"@type":"ListItem","position":1,"name":"Home","item":"https:\/\/internewskosova.org\/"},{"@type":"ListItem","position":2,"name":"Gazetari"}]},{"@type":"WebSite","@id":"https:\/\/internewskosova.org\/#website","url":"https:\/\/internewskosova.org\/","name":"Internews Kosova","description":"","potentialAction":[{"@type":"SearchAction","target":{"@type":"EntryPoint","urlTemplate":"https:\/\/internewskosova.org\/?s={search_term_string}"},"query-input":{"@type":"PropertyValueSpecification","valueRequired":true,"valueName":"search_term_string"}}],"inLanguage":"sq-AL"}]}},"_links":{"self":[{"href":"https:\/\/internewskosova.org\/sq_al\/wp-json\/wp\/v2\/pages\/977","targetHints":{"allow":["GET"]}}],"collection":[{"href":"https:\/\/internewskosova.org\/sq_al\/wp-json\/wp\/v2\/pages"}],"about":[{"href":"https:\/\/internewskosova.org\/sq_al\/wp-json\/wp\/v2\/types\/page"}],"author":[{"embeddable":true,"href":"https:\/\/internewskosova.org\/sq_al\/wp-json\/wp\/v2\/users\/1"}],"replies":[{"embeddable":true,"href":"https:\/\/internewskosova.org\/sq_al\/wp-json\/wp\/v2\/comments?post=977"}],"version-history":[{"count":1,"href":"https:\/\/internewskosova.org\/sq_al\/wp-json\/wp\/v2\/pages\/977\/revisions"}],"predecessor-version":[{"id":983,"href":"https:\/\/internewskosova.org\/sq_al\/wp-json\/wp\/v2\/pages\/977\/revisions\/983"}],"wp:featuredmedia":[{"embeddable":true,"href":"https:\/\/internewskosova.org\/sq_al\/wp-json\/wp\/v2\/media\/287"}],"wp:attachment":[{"href":"https:\/\/internewskosova.org\/sq_al\/wp-json\/wp\/v2\/media?parent=977"}],"curies":[{"name":"wp","href":"https:\/\/api.w.org\/{rel}","templated":true}]}}