{"id":978,"date":"2016-01-09T18:35:50","date_gmt":"2016-01-09T18:35:50","guid":{"rendered":"http:\/\/internewskosova.org\/?page_id=76"},"modified":"2016-01-09T18:35:50","modified_gmt":"2016-01-09T18:35:50","slug":"teknike","status":"publish","type":"page","link":"https:\/\/internewskosova.org\/sq_al\/teknike\/","title":{"rendered":"Teknik\u00eb"},"content":{"rendered":"<p>&nbsp;<\/p>\n<p><img loading=\"lazy\" decoding=\"async\" class=\"wp-image-837 size-full\" src=\"http:\/\/internewskosova.org\/wp-content\/uploads\/2016\/01\/Debati_Junik_006.jpg\" alt=\"\" width=\"2961\" height=\"1970\" \/><\/p>\n<p class=\"short-text\"><strong>Nj\u00eb prej problemeve t\u00eb sken\u00ebs s\u00eb mediave kosovare ishte mungesa e shkatht\u00ebsive t\u00eb k\u00ebnaqshme t\u00eb personelit teknik. Studioja jon\u00eb e p\u00ebrsosur e radios dhe trajner\u00ebt tan\u00eb lokal e nd\u00ebrkomb\u00ebtar, kan\u00eb drejtuar nj\u00eb seri t\u00eb trajnimeve t\u00eb ndryshme n\u00eb p\u00ebrmir\u00ebsimin e shkatht\u00ebsive teknike te shumic\u00ebs s\u00eb radio stacioneve.<\/strong><\/p>\n<div class=\"full-text\">\n<p><strong>Shkatht\u00ebsit\u00eb Themelore Teknike- Produkcionit<\/strong><br \/>\n\u00cbsht\u00eb organizuar nj\u00eb seri e trajnimeve nj\u00eb dit\u00ebshe p\u00ebr parimet e organizimit t\u00eb potencialit p\u00ebr produkcion n\u00eb nj\u00eb radio stacion.<br \/>\nPa marr\u00eb parasysh se sa i madh apo i vog\u00ebl \u00ebsht\u00eb, n\u00ebse \u00ebsht\u00eb i organizuar n\u00eb m\u00ebnyr\u00eb t\u00eb drejt\u00eb, mund\u00ebsit p\u00ebr produkcion n\u00eb nj\u00eb radio stacion mund t\u00eb kursejn\u00eb nj\u00eb num\u00ebr t\u00eb madh t\u00eb problemeve.<\/p>\n<p><strong>Audio Editimi Digjital<\/strong><br \/>\nTrajnim shum\u00eb i sukseshm\u00ebm p\u00ebr digjitalizim dhe editim t\u00eb audio materialit n\u00eb m\u00ebnyrat me moderne digjitale. Cil\u00ebsia e editimit n\u00eb kompjutor \u00ebsht\u00eb shum\u00eb m\u00eb e mir\u00eb dhe koha e editimit t\u00eb nj\u00eb raporti apo reklame \u00ebsht\u00eb shum\u00eb m\u00eb e shkurt\u00ebr.<\/p>\n<p><strong>Sound Engineering<\/strong><br \/>\nTrajnim i p\u00ebrqendruar n\u00eb rritjen e shkatht\u00ebsive teknike, t\u00eb teknik\u00ebve t\u00eb radio stacioneve, p\u00ebr komplet paisjet e studios deri n\u00eb hyrje t\u00eb transmetuesit. Me fillim nga llojet e ndryshme t\u00eb mikrofonave, kabllimi, mikser\u00ebt, procesor\u00ebt dhe aparatet tjera e deri te gj\u00ebrat m\u00eb t\u00eb sofistikuara si karakteristikat e tingullit dhe z\u00ebrit, teknik\u00ebt pjesmarr\u00ebs u trajnuan edhe n\u00eb riparimin &#8211; mir\u00ebmbajtj\u00ebn themelore t\u00eb radio aparatur\u00ebs.<\/p>\n<p><strong>Automatizimi dhe Arkivimi<\/strong><br \/>\nTrajnim i p\u00ebrqendruar n\u00eb llojet e ndryshme t\u00eb arkivimit me programe t\u00eb llojllojshme t\u00eb p\u00ebrdorura p\u00ebr kompresimet e ndryshme t\u00eb audio materialit. Poashtu, ne kemi zhvilluar nje baz\u00eb t\u00eb t\u00eb dh\u00ebnave n\u00eb EXCEL p\u00ebr ruajtjen e audio arkivit t\u00eb t\u00ebr\u00eb radio stacionit, t\u00eb bazuar n\u00eb m\u00ebnyra t\u00eb ndryshme p\u00ebr klasifikimin e t\u00eb dh\u00ebnave<\/p>\n<p><strong>Radio Rrjeta<\/strong><br \/>\nKy trajnim i qe dedikuar formave t\u00eb ndryshme dhe m\u00ebnyrave t\u00eb lidhjes s\u00eb radio stacioneve t\u00eb ndryshme, p\u00ebr shk\u00ebmbimin e programit. U p\u00ebrmend\u00ebn m\u00ebnyra t\u00eb ndryshme rrjeti si, interneti, NetMeeting, WAN, VPN, lidhjet pa tel, ISDN,etj.<\/p>\n<p><strong>Internet Radio Streaming<\/strong><br \/>\nNdon\u00ebse m\u00ebnyra m\u00eb e shpesht\u00eb e p\u00ebrdorimit t\u00eb Internetit n\u00eb mesin e radio stacioneve kosovare \u00ebsht\u00eb Internet Caffe-ja apo n\u00ebp\u00ebrmes t\u00eb miq\u00ebve dhe shok\u00ebve t\u00eb cil\u00ebt punojn\u00eb n\u00eb ndonj\u00eb Organizat\u00eb Nd\u00ebrkomb\u00ebtare e cila ka mund\u00ebsi t&#8217;a p\u00ebrballoj\u00eb \u00e7mimin e lart\u00eb t\u00eb Internetit n\u00eb Kosov\u00eb, k\u00ebtu ka interesim t\u00eb madh p\u00ebr Internet Radio Streaming. Kjo \u00ebsht\u00eb arsyeja pse Internews Kosova ka organizuar trajnime t\u00eb specializuara p\u00ebr t&#8217;i mbuluar c\u00ebshtjet themelore t\u00eb &#8220;streaming&#8221;-ut, si: dallimet n\u00eb mes t\u00eb streaming dhe download; zgjedhja e provider-it; enkoder\u00ebt digjitalizues; p\u00ebrmasat e ndryshme; Media Player vs. Real Player vs. Real-Time player; etj.<\/p>\n<\/div>","protected":false},"excerpt":{"rendered":"<p>&nbsp; Nj\u00eb prej problemeve t\u00eb sken\u00ebs s\u00eb mediave kosovare ishte mungesa e shkatht\u00ebsive t\u00eb k\u00ebnaqshme t\u00eb personelit teknik. Studioja jon\u00eb e p\u00ebrsosur e radios dhe trajner\u00ebt tan\u00eb lokal e nd\u00ebrkomb\u00ebtar, kan\u00eb drejtuar nj\u00eb seri t\u00eb trajnimeve t\u00eb ndryshme n\u00eb p\u00ebrmir\u00ebsimin e shkatht\u00ebsive teknike te shumic\u00ebs s\u00eb radio stacioneve. Shkatht\u00ebsit\u00eb Themelore Teknike- Produkcionit \u00cbsht\u00eb organizuar nj\u00eb [&hellip;]<\/p>","protected":false},"author":1,"featured_media":0,"parent":0,"menu_order":0,"comment_status":"closed","ping_status":"closed","template":"","meta":{"_FSMCFIC_featured_image_caption":"","_FSMCFIC_featured_image_nocaption":"","_FSMCFIC_featured_image_hide":"","footnotes":""},"class_list":["post-978","page","type-page","status-publish","hentry"],"yoast_head":"<!-- This site is optimized with the Yoast SEO plugin v24.9 - https:\/\/yoast.com\/wordpress\/plugins\/seo\/ -->\n<title>Teknik\u00eb - Internews Kosova<\/title>\n<meta name=\"robots\" content=\"index, follow, max-snippet:-1, max-image-preview:large, max-video-preview:-1\" \/>\n<link rel=\"canonical\" href=\"https:\/\/internewskosova.org\/sq_al\/teknike\/\" \/>\n<meta property=\"og:locale\" content=\"sq_AL\" \/>\n<meta property=\"og:type\" content=\"article\" \/>\n<meta property=\"og:title\" content=\"Teknik\u00eb - Internews Kosova\" \/>\n<meta property=\"og:description\" content=\"&nbsp; Nj\u00eb prej problemeve t\u00eb sken\u00ebs s\u00eb mediave kosovare ishte mungesa e shkatht\u00ebsive t\u00eb k\u00ebnaqshme t\u00eb personelit teknik. Studioja jon\u00eb e p\u00ebrsosur e radios dhe trajner\u00ebt tan\u00eb lokal e nd\u00ebrkomb\u00ebtar, kan\u00eb drejtuar nj\u00eb seri t\u00eb trajnimeve t\u00eb ndryshme n\u00eb p\u00ebrmir\u00ebsimin e shkatht\u00ebsive teknike te shumic\u00ebs s\u00eb radio stacioneve. Shkatht\u00ebsit\u00eb Themelore Teknike- Produkcionit \u00cbsht\u00eb organizuar nj\u00eb [&hellip;]\" \/>\n<meta property=\"og:url\" content=\"https:\/\/internewskosova.org\/sq_al\/teknike\/\" \/>\n<meta property=\"og:site_name\" content=\"Internews Kosova\" \/>\n<meta property=\"og:image\" content=\"http:\/\/internewskosova.org\/wp-content\/uploads\/2016\/01\/Debati_Junik_006.jpg\" \/>\n<meta name=\"twitter:card\" content=\"summary_large_image\" \/>\n<meta name=\"twitter:label1\" content=\"Est. reading time\" \/>\n\t<meta name=\"twitter:data1\" content=\"2 minutes\" \/>\n<script type=\"application\/ld+json\" class=\"yoast-schema-graph\">{\"@context\":\"https:\/\/schema.org\",\"@graph\":[{\"@type\":\"WebPage\",\"@id\":\"https:\/\/internewskosova.org\/teknike\/\",\"url\":\"https:\/\/internewskosova.org\/teknike\/\",\"name\":\"Teknik\u00eb - Internews Kosova\",\"isPartOf\":{\"@id\":\"https:\/\/internewskosova.org\/#website\"},\"primaryImageOfPage\":{\"@id\":\"https:\/\/internewskosova.org\/teknike\/#primaryimage\"},\"image\":{\"@id\":\"https:\/\/internewskosova.org\/teknike\/#primaryimage\"},\"thumbnailUrl\":\"http:\/\/internewskosova.org\/wp-content\/uploads\/2016\/01\/Debati_Junik_006.jpg\",\"datePublished\":\"2016-01-09T18:35:50+00:00\",\"breadcrumb\":{\"@id\":\"https:\/\/internewskosova.org\/teknike\/#breadcrumb\"},\"inLanguage\":\"sq-AL\",\"potentialAction\":[{\"@type\":\"ReadAction\",\"target\":[\"https:\/\/internewskosova.org\/teknike\/\"]}]},{\"@type\":\"ImageObject\",\"inLanguage\":\"sq-AL\",\"@id\":\"https:\/\/internewskosova.org\/teknike\/#primaryimage\",\"url\":\"http:\/\/internewskosova.org\/wp-content\/uploads\/2016\/01\/Debati_Junik_006.jpg\",\"contentUrl\":\"http:\/\/internewskosova.org\/wp-content\/uploads\/2016\/01\/Debati_Junik_006.jpg\"},{\"@type\":\"BreadcrumbList\",\"@id\":\"https:\/\/internewskosova.org\/teknike\/#breadcrumb\",\"itemListElement\":[{\"@type\":\"ListItem\",\"position\":1,\"name\":\"Home\",\"item\":\"https:\/\/internewskosova.org\/\"},{\"@type\":\"ListItem\",\"position\":2,\"name\":\"Teknik\u00eb\"}]},{\"@type\":\"WebSite\",\"@id\":\"https:\/\/internewskosova.org\/#website\",\"url\":\"https:\/\/internewskosova.org\/\",\"name\":\"Internews Kosova\",\"description\":\"\",\"potentialAction\":[{\"@type\":\"SearchAction\",\"target\":{\"@type\":\"EntryPoint\",\"urlTemplate\":\"https:\/\/internewskosova.org\/?s={search_term_string}\"},\"query-input\":{\"@type\":\"PropertyValueSpecification\",\"valueRequired\":true,\"valueName\":\"search_term_string\"}}],\"inLanguage\":\"sq-AL\"}]}<\/script>\n<!-- \/ Yoast SEO plugin. -->","yoast_head_json":{"title":"Teknik\u00eb - Internews Kosova","robots":{"index":"index","follow":"follow","max-snippet":"max-snippet:-1","max-image-preview":"max-image-preview:large","max-video-preview":"max-video-preview:-1"},"canonical":"https:\/\/internewskosova.org\/sq_al\/teknike\/","og_locale":"sq_AL","og_type":"article","og_title":"Teknik\u00eb - Internews Kosova","og_description":"&nbsp; Nj\u00eb prej problemeve t\u00eb sken\u00ebs s\u00eb mediave kosovare ishte mungesa e shkatht\u00ebsive t\u00eb k\u00ebnaqshme t\u00eb personelit teknik. Studioja jon\u00eb e p\u00ebrsosur e radios dhe trajner\u00ebt tan\u00eb lokal e nd\u00ebrkomb\u00ebtar, kan\u00eb drejtuar nj\u00eb seri t\u00eb trajnimeve t\u00eb ndryshme n\u00eb p\u00ebrmir\u00ebsimin e shkatht\u00ebsive teknike te shumic\u00ebs s\u00eb radio stacioneve. Shkatht\u00ebsit\u00eb Themelore Teknike- Produkcionit \u00cbsht\u00eb organizuar nj\u00eb [&hellip;]","og_url":"https:\/\/internewskosova.org\/sq_al\/teknike\/","og_site_name":"Internews Kosova","og_image":[{"url":"http:\/\/internewskosova.org\/wp-content\/uploads\/2016\/01\/Debati_Junik_006.jpg","type":"","width":"","height":""}],"twitter_card":"summary_large_image","twitter_misc":{"Est. reading time":"2 minutes"},"schema":{"@context":"https:\/\/schema.org","@graph":[{"@type":"WebPage","@id":"https:\/\/internewskosova.org\/teknike\/","url":"https:\/\/internewskosova.org\/teknike\/","name":"Teknik\u00eb - Internews Kosova","isPartOf":{"@id":"https:\/\/internewskosova.org\/#website"},"primaryImageOfPage":{"@id":"https:\/\/internewskosova.org\/teknike\/#primaryimage"},"image":{"@id":"https:\/\/internewskosova.org\/teknike\/#primaryimage"},"thumbnailUrl":"http:\/\/internewskosova.org\/wp-content\/uploads\/2016\/01\/Debati_Junik_006.jpg","datePublished":"2016-01-09T18:35:50+00:00","breadcrumb":{"@id":"https:\/\/internewskosova.org\/teknike\/#breadcrumb"},"inLanguage":"sq-AL","potentialAction":[{"@type":"ReadAction","target":["https:\/\/internewskosova.org\/teknike\/"]}]},{"@type":"ImageObject","inLanguage":"sq-AL","@id":"https:\/\/internewskosova.org\/teknike\/#primaryimage","url":"http:\/\/internewskosova.org\/wp-content\/uploads\/2016\/01\/Debati_Junik_006.jpg","contentUrl":"http:\/\/internewskosova.org\/wp-content\/uploads\/2016\/01\/Debati_Junik_006.jpg"},{"@type":"BreadcrumbList","@id":"https:\/\/internewskosova.org\/teknike\/#breadcrumb","itemListElement":[{"@type":"ListItem","position":1,"name":"Home","item":"https:\/\/internewskosova.org\/"},{"@type":"ListItem","position":2,"name":"Teknik\u00eb"}]},{"@type":"WebSite","@id":"https:\/\/internewskosova.org\/#website","url":"https:\/\/internewskosova.org\/","name":"Internews Kosova","description":"","potentialAction":[{"@type":"SearchAction","target":{"@type":"EntryPoint","urlTemplate":"https:\/\/internewskosova.org\/?s={search_term_string}"},"query-input":{"@type":"PropertyValueSpecification","valueRequired":true,"valueName":"search_term_string"}}],"inLanguage":"sq-AL"}]}},"_links":{"self":[{"href":"https:\/\/internewskosova.org\/sq_al\/wp-json\/wp\/v2\/pages\/978","targetHints":{"allow":["GET"]}}],"collection":[{"href":"https:\/\/internewskosova.org\/sq_al\/wp-json\/wp\/v2\/pages"}],"about":[{"href":"https:\/\/internewskosova.org\/sq_al\/wp-json\/wp\/v2\/types\/page"}],"author":[{"embeddable":true,"href":"https:\/\/internewskosova.org\/sq_al\/wp-json\/wp\/v2\/users\/1"}],"replies":[{"embeddable":true,"href":"https:\/\/internewskosova.org\/sq_al\/wp-json\/wp\/v2\/comments?post=978"}],"version-history":[{"count":0,"href":"https:\/\/internewskosova.org\/sq_al\/wp-json\/wp\/v2\/pages\/978\/revisions"}],"wp:attachment":[{"href":"https:\/\/internewskosova.org\/sq_al\/wp-json\/wp\/v2\/media?parent=978"}],"curies":[{"name":"wp","href":"https:\/\/api.w.org\/{rel}","templated":true}]}}